{"id":10566,"date":"2022-03-11T15:42:15","date_gmt":"2022-03-11T15:42:15","guid":{"rendered":"https:\/\/2022.ekmaymakina.com.tr\/kalite-politikasi\/"},"modified":"2022-06-29T08:45:38","modified_gmt":"2022-06-29T08:45:38","slug":"qualitaetsrichtlinie","status":"publish","type":"page","link":"https:\/\/ekmaymakina.com.tr\/de\/qualitaetsrichtlinie\/","title":{"rendered":"Qualit\u00e4tsrichtlinie"},"content":{"rendered":"\t\t<div data-elementor-type=\"wp-page\" data-elementor-id=\"10566\" class=\"elementor elementor-10566 elementor-8765\" data-elementor-post-type=\"page\">\n\t\t\t\t\t\t<section class=\"wd-negative-gap elementor-section elementor-top-section elementor-element elementor-element-5d7b49f elementor-section-content-middle wd-section-stretch elementor-section-boxed elementor-section-height-default elementor-section-height-default\" data-id=\"5d7b49f\" data-element_type=\"section\" data-settings=\"{&quot;background_background&quot;:&quot;classic&quot;}\">\n\t\t\t\t\t\t\t<div class=\"elementor-background-overlay\"><\/div>\n\t\t\t\t\t\t\t<div class=\"elementor-container elementor-column-gap-extended\">\n\t\t\t\t\t<div class=\"elementor-column elementor-col-100 elementor-top-column elementor-element elementor-element-44f9ff4\" data-id=\"44f9ff4\" data-element_type=\"column\">\n\t\t\t<div class=\"elementor-widget-wrap elementor-element-populated\">\n\t\t\t\t\t\t<div class=\"elementor-element elementor-element-4654d06 wd-width-100 elementor-widget elementor-widget-wd_title\" data-id=\"4654d06\" data-element_type=\"widget\" data-widget_type=\"wd_title.default\">\n\t\t\t\t<div class=\"elementor-widget-container\">\n\t\t\t\t\t\t\t<div class=\"title-wrapper wd-set-mb reset-last-child wd-title-color-primary wd-title-style-default wd-title-size-large text-left\">\n\n\t\t\t\t\t\t\t\t\t\t\t<div class=\"title-subtitle subtitle-color-primary subtitle-style-default wd-fontsize-xs\">\n\t\t\t\t\tEKMAY MAK\u0130NA\t\t\t\t<\/div>\n\t\t\t\n\t\t\t<div class=\"liner-continer\">\n\t\t\t\t<h1 class=\"woodmart-title-container title wd-fontsize-xxl\">Qualit\u00e4tsrichtlinie<\/h1> \n\t\t\t\t\t\t\t<\/div>\n\n\t\t\t\t\t<\/div>\n\t\t\t\t\t\t<\/div>\n\t\t\t\t<\/div>\n\t\t\t\t\t<\/div>\n\t\t<\/div>\n\t\t\t\t\t<\/div>\n\t\t<\/section>\n\t\t\t\t<section class=\"wd-negative-gap elementor-section elementor-top-section elementor-element elementor-element-9464eea elementor-section-boxed elementor-section-height-default elementor-section-height-default\" data-id=\"9464eea\" data-element_type=\"section\">\n\t\t\t\t\t\t<div class=\"elementor-container elementor-column-gap-default\">\n\t\t\t\t\t<div class=\"elementor-column elementor-col-100 elementor-top-column elementor-element elementor-element-f3ab460\" data-id=\"f3ab460\" data-element_type=\"column\">\n\t\t\t<div class=\"elementor-widget-wrap elementor-element-populated\">\n\t\t\t\t\t\t<div class=\"elementor-element elementor-element-d2c8352 e-transform elementor-widget__width-inherit color-scheme-inherit text-left elementor-widget elementor-widget-text-editor\" data-id=\"d2c8352\" data-element_type=\"widget\" data-settings=\"{&quot;_transform_scale_effect&quot;:{&quot;unit&quot;:&quot;px&quot;,&quot;size&quot;:&quot;&quot;,&quot;sizes&quot;:[]},&quot;_transform_scale_effect_tablet&quot;:{&quot;unit&quot;:&quot;px&quot;,&quot;size&quot;:&quot;&quot;,&quot;sizes&quot;:[]},&quot;_transform_scale_effect_mobile&quot;:{&quot;unit&quot;:&quot;px&quot;,&quot;size&quot;:&quot;&quot;,&quot;sizes&quot;:[]}}\" data-widget_type=\"text-editor.default\">\n\t\t\t\t<div class=\"elementor-widget-container\">\n\t\t\t\t\t\t\t\t\t<p>Ekmay Machinery hat sich das Prinzip zu eigen gemacht, zu den zuverl\u00e4ssigsten und bevorzugten Unternehmen seiner Branche zu geh\u00f6ren, und hat seine Politik des Qualit\u00e4tsmanagementsystems in diese Richtung ausgerichtet.<\/p>\t\t\t\t\t\t\t\t<\/div>\n\t\t\t\t<\/div>\n\t\t\t\t\t<\/div>\n\t\t<\/div>\n\t\t\t\t\t<\/div>\n\t\t<\/section>\n\t\t\t\t<section class=\"wd-negative-gap elementor-section elementor-top-section elementor-element elementor-element-860f0aa elementor-section-boxed elementor-section-height-default elementor-section-height-default\" data-id=\"860f0aa\" data-element_type=\"section\">\n\t\t\t\t\t\t<div class=\"elementor-container elementor-column-gap-default\">\n\t\t\t\t\t<div class=\"elementor-column elementor-col-50 elementor-top-column elementor-element elementor-element-e71a785\" data-id=\"e71a785\" data-element_type=\"column\">\n\t\t\t<div class=\"elementor-widget-wrap elementor-element-populated\">\n\t\t\t\t\t\t<div class=\"elementor-element elementor-element-40f3f60 elementor-widget elementor-widget-image\" data-id=\"40f3f60\" data-element_type=\"widget\" data-widget_type=\"image.default\">\n\t\t\t\t<div class=\"elementor-widget-container\">\n\t\t\t\t\t\t\t\t\t\t\t\t\t\t\t<img decoding=\"async\" width=\"1000\" height=\"667\" src=\"https:\/\/ekmaymakina.com.tr\/wp-content\/uploads\/2022\/03\/r_kalite_politikasi.jpg\" class=\"attachment-full size-full wp-image-10074\" alt=\"\" srcset=\"https:\/\/ekmaymakina.com.tr\/wp-content\/uploads\/2022\/03\/r_kalite_politikasi.jpg 1000w, https:\/\/ekmaymakina.com.tr\/wp-content\/uploads\/2022\/03\/r_kalite_politikasi-430x287.jpg 430w, https:\/\/ekmaymakina.com.tr\/wp-content\/uploads\/2022\/03\/r_kalite_politikasi-150x100.jpg 150w, https:\/\/ekmaymakina.com.tr\/wp-content\/uploads\/2022\/03\/r_kalite_politikasi-700x467.jpg 700w, https:\/\/ekmaymakina.com.tr\/wp-content\/uploads\/2022\/03\/r_kalite_politikasi-400x267.jpg 400w, https:\/\/ekmaymakina.com.tr\/wp-content\/uploads\/2022\/03\/r_kalite_politikasi-768x512.jpg 768w, https:\/\/ekmaymakina.com.tr\/wp-content\/uploads\/2022\/03\/r_kalite_politikasi-860x574.jpg 860w\" sizes=\"(max-width: 1000px) 100vw, 1000px\" \/>\t\t\t\t\t\t\t\t\t\t\t\t\t\t\t<\/div>\n\t\t\t\t<\/div>\n\t\t\t\t\t<\/div>\n\t\t<\/div>\n\t\t\t\t<div class=\"elementor-column elementor-col-50 elementor-top-column elementor-element elementor-element-33bb14a\" data-id=\"33bb14a\" data-element_type=\"column\">\n\t\t\t<div class=\"elementor-widget-wrap elementor-element-populated\">\n\t\t\t\t\t\t<div class=\"elementor-element elementor-element-838e08a elementor-list-item-link-full_width elementor-widget elementor-widget-icon-list\" data-id=\"838e08a\" data-element_type=\"widget\" data-widget_type=\"icon-list.default\">\n\t\t\t\t<div class=\"elementor-widget-container\">\n\t\t\t\t\t\t\t<ul class=\"elementor-icon-list-items\">\n\t\t\t\t\t\t\t<li class=\"elementor-icon-list-item\">\n\t\t\t\t\t\t\t\t\t\t\t<span class=\"elementor-icon-list-icon\">\n\t\t\t\t\t\t\t<i aria-hidden=\"true\" class=\"fas fa-check\"><\/i>\t\t\t\t\t\t<\/span>\n\t\t\t\t\t\t\t\t\t\t<span class=\"elementor-icon-list-text\">Das f\u00fchrende Unternehmen in der Branche zu sein, um eine kontinuierliche Entwicklung und Verbesserung zu gew\u00e4hrleisten, mit bedingungsloser Kundenzufriedenheit in der Branche, in der wir t\u00e4tig sind,<\/span>\n\t\t\t\t\t\t\t\t\t<\/li>\n\t\t\t\t\t\t\t\t<li class=\"elementor-icon-list-item\">\n\t\t\t\t\t\t\t\t\t\t\t<span class=\"elementor-icon-list-icon\">\n\t\t\t\t\t\t\t<i aria-hidden=\"true\" class=\"fas fa-check\"><\/i>\t\t\t\t\t\t<\/span>\n\t\t\t\t\t\t\t\t\t\t<span class=\"elementor-icon-list-text\">Um qualitativ hochwertige Produkte und Dienstleistungen anzubieten, die unseren Kunden einen Mehrwert bieten,<\/span>\n\t\t\t\t\t\t\t\t\t<\/li>\n\t\t\t\t\t\t\t\t<li class=\"elementor-icon-list-item\">\n\t\t\t\t\t\t\t\t\t\t\t<span class=\"elementor-icon-list-icon\">\n\t\t\t\t\t\t\t<i aria-hidden=\"true\" class=\"fas fa-check\"><\/i>\t\t\t\t\t\t<\/span>\n\t\t\t\t\t\t\t\t\t\t<span class=\"elementor-icon-list-text\">Um die Bed\u00fcrfnisse und Erwartungen der relevanten Parteien zu erf\u00fcllen, indem die Risiken kontrolliert werden, die im Qualit\u00e4tsmanagementsystem auftreten k\u00f6nnen,<\/span>\n\t\t\t\t\t\t\t\t\t<\/li>\n\t\t\t\t\t\t\t\t<li class=\"elementor-icon-list-item\">\n\t\t\t\t\t\t\t\t\t\t\t<span class=\"elementor-icon-list-icon\">\n\t\t\t\t\t\t\t<i aria-hidden=\"true\" class=\"fas fa-check\"><\/i>\t\t\t\t\t\t<\/span>\n\t\t\t\t\t\t\t\t\t\t<span class=\"elementor-icon-list-text\">Zufriedenheit und Motivation der Mitarbeiter sicherstellen<\/span>\n\t\t\t\t\t\t\t\t\t<\/li>\n\t\t\t\t\t\t\t\t<li class=\"elementor-icon-list-item\">\n\t\t\t\t\t\t\t\t\t\t\t<span class=\"elementor-icon-list-icon\">\n\t\t\t\t\t\t\t<i aria-hidden=\"true\" class=\"fas fa-check\"><\/i>\t\t\t\t\t\t<\/span>\n\t\t\t\t\t\t\t\t\t\t<span class=\"elementor-icon-list-text\">Um Dienstleistungen zu erbringen, die den Erwartungen unserer Kunden und der Gesetzgebung entsprechen, indem wir die heutigen technologischen Anwendungen, Standards, Vorschriften und Gesetze st\u00e4ndig \u00fcberwachen,<\/span>\n\t\t\t\t\t\t\t\t\t<\/li>\n\t\t\t\t\t\t\t\t<li class=\"elementor-icon-list-item\">\n\t\t\t\t\t\t\t\t\t\t\t<span class=\"elementor-icon-list-icon\">\n\t\t\t\t\t\t\t<i aria-hidden=\"true\" class=\"fas fa-check\"><\/i>\t\t\t\t\t\t<\/span>\n\t\t\t\t\t\t\t\t\t\t<span class=\"elementor-icon-list-text\">Um die Bed\u00fcrfnisse unserer Kunden effektiv und zuverl\u00e4ssig termingerecht zu erf\u00fcllen,<\/span>\n\t\t\t\t\t\t\t\t\t<\/li>\n\t\t\t\t\t\t\t\t<li class=\"elementor-icon-list-item\">\n\t\t\t\t\t\t\t\t\t\t\t<span class=\"elementor-icon-list-icon\">\n\t\t\t\t\t\t\t<i aria-hidden=\"true\" class=\"fas fa-check\"><\/i>\t\t\t\t\t\t<\/span>\n\t\t\t\t\t\t\t\t\t\t<span class=\"elementor-icon-list-text\">Um die Anwendungen des ISO 9001-Qualit\u00e4tsmanagementsystems kontinuierlich zu entwickeln und zu verbessern,<\/span>\n\t\t\t\t\t\t\t\t\t<\/li>\n\t\t\t\t\t\t\t\t<li class=\"elementor-icon-list-item\">\n\t\t\t\t\t\t\t\t\t\t\t<span class=\"elementor-icon-list-icon\">\n\t\t\t\t\t\t\t<i aria-hidden=\"true\" class=\"fas fa-check\"><\/i>\t\t\t\t\t\t<\/span>\n\t\t\t\t\t\t\t\t\t\t<span class=\"elementor-icon-list-text\">Um ihre Teilnahme sicherzustellen, indem wir alle unsere im Rahmen des Qualit\u00e4tsmanagementsystems geleisteten Arbeiten mit unseren Mitarbeitern, Lieferanten, Kunden und Besuchern teilen,<\/span>\n\t\t\t\t\t\t\t\t\t<\/li>\n\t\t\t\t\t\t<\/ul>\n\t\t\t\t\t\t<\/div>\n\t\t\t\t<\/div>\n\t\t\t\t<div class=\"elementor-element elementor-element-673701f elementor-widget elementor-widget-wd_text_block\" data-id=\"673701f\" data-element_type=\"widget\" data-widget_type=\"wd_text_block.default\">\n\t\t\t\t<div class=\"elementor-widget-container\">\n\t\t\t\t\t\t\t<div class=\"wd-text-block reset-last-child text-left\">\n\t\t\t\n\t\t\t<p>WIR VERPFLICHTEN.<\/p>\n\t\t\t\t\t<\/div>\n\t\t\t\t\t\t<\/div>\n\t\t\t\t<\/div>\n\t\t\t\t\t<\/div>\n\t\t<\/div>\n\t\t\t\t\t<\/div>\n\t\t<\/section>\n\t\t\t\t<\/div>\n\t\t","protected":false},"excerpt":{"rendered":"<p>EKMAY MAK\u0130NA Qualit\u00e4tsrichtlinie Ekmay Machinery hat sich das Prinzip zu eigen gemacht, zu den zuverl\u00e4ssigsten und bevorzugten Unternehmen seiner Branche<\/p>\n","protected":false},"author":1,"featured_media":10195,"parent":0,"menu_order":0,"comment_status":"closed","ping_status":"closed","template":"","meta":{"footnotes":""},"class_list":["post-10566","page","type-page","status-publish","has-post-thumbnail","hentry"],"yoast_head":"<!-- This site is optimized with the Yoast SEO plugin v26.2 - https:\/\/yoast.com\/wordpress\/plugins\/seo\/ -->\n<title>Qualit\u00e4tsrichtlinie - Ekmay Makina<\/title>\n<meta name=\"description\" content=\"Ekmay Machinery hat sich das Prinzip zu eigen gemacht, zu den zuverl\u00e4ssigsten und bevorzugten Unternehmen seiner Branche zu geh\u00f6ren, und hat seine Politik des Qualit\u00e4tsmanagementsystems in diese Richtung ausgerichtet.\" \/>\n<meta name=\"robots\" content=\"index, follow, max-snippet:-1, max-image-preview:large, max-video-preview:-1\" \/>\n<link rel=\"canonical\" href=\"https:\/\/ekmaymakina.com.tr\/de\/qualitaetsrichtlinie\/\" \/>\n<meta property=\"og:locale\" content=\"de_DE\" \/>\n<meta property=\"og:type\" content=\"article\" \/>\n<meta property=\"og:title\" content=\"Qualit\u00e4tsrichtlinie - Ekmay Makina\" \/>\n<meta property=\"og:description\" content=\"Ekmay Machinery hat sich das Prinzip zu eigen gemacht, zu den zuverl\u00e4ssigsten und bevorzugten Unternehmen seiner Branche zu geh\u00f6ren, und hat seine Politik des Qualit\u00e4tsmanagementsystems in diese Richtung ausgerichtet.\" \/>\n<meta property=\"og:url\" content=\"https:\/\/ekmaymakina.com.tr\/de\/qualitaetsrichtlinie\/\" \/>\n<meta property=\"og:site_name\" content=\"Ekmay Makina\" \/>\n<meta property=\"article:modified_time\" content=\"2022-06-29T08:45:38+00:00\" \/>\n<meta property=\"og:image\" content=\"https:\/\/ekmaymakina.com.tr\/wp-content\/uploads\/2022\/03\/kalite-politikasi-header.jpg\" \/>\n\t<meta property=\"og:image:width\" content=\"1920\" \/>\n\t<meta property=\"og:image:height\" content=\"380\" \/>\n\t<meta property=\"og:image:type\" content=\"image\/jpeg\" \/>\n<meta name=\"twitter:card\" content=\"summary_large_image\" \/>\n<meta name=\"twitter:label1\" content=\"Gesch\u00e4tzte Lesezeit\" \/>\n\t<meta name=\"twitter:data1\" content=\"2\u00a0Minuten\" \/>\n<script type=\"application\/ld+json\" class=\"yoast-schema-graph\">{\"@context\":\"https:\/\/schema.org\",\"@graph\":[{\"@type\":\"WebPage\",\"@id\":\"https:\/\/ekmaymakina.com.tr\/de\/qualitaetsrichtlinie\/\",\"url\":\"https:\/\/ekmaymakina.com.tr\/de\/qualitaetsrichtlinie\/\",\"name\":\"Qualit\u00e4tsrichtlinie - Ekmay Makina\",\"isPartOf\":{\"@id\":\"https:\/\/ekmaymakina.com.tr\/de\/#website\"},\"primaryImageOfPage\":{\"@id\":\"https:\/\/ekmaymakina.com.tr\/de\/qualitaetsrichtlinie\/#primaryimage\"},\"image\":{\"@id\":\"https:\/\/ekmaymakina.com.tr\/de\/qualitaetsrichtlinie\/#primaryimage\"},\"thumbnailUrl\":\"https:\/\/ekmaymakina.com.tr\/wp-content\/uploads\/2022\/03\/kalite-politikasi-header.jpg\",\"datePublished\":\"2022-03-11T15:42:15+00:00\",\"dateModified\":\"2022-06-29T08:45:38+00:00\",\"description\":\"Ekmay Machinery hat sich das Prinzip zu eigen gemacht, zu den zuverl\u00e4ssigsten und bevorzugten Unternehmen seiner Branche zu geh\u00f6ren, und hat seine Politik des Qualit\u00e4tsmanagementsystems in diese Richtung ausgerichtet.\",\"breadcrumb\":{\"@id\":\"https:\/\/ekmaymakina.com.tr\/de\/qualitaetsrichtlinie\/#breadcrumb\"},\"inLanguage\":\"de\",\"potentialAction\":[{\"@type\":\"ReadAction\",\"target\":[\"https:\/\/ekmaymakina.com.tr\/de\/qualitaetsrichtlinie\/\"]}]},{\"@type\":\"ImageObject\",\"inLanguage\":\"de\",\"@id\":\"https:\/\/ekmaymakina.com.tr\/de\/qualitaetsrichtlinie\/#primaryimage\",\"url\":\"https:\/\/ekmaymakina.com.tr\/wp-content\/uploads\/2022\/03\/kalite-politikasi-header.jpg\",\"contentUrl\":\"https:\/\/ekmaymakina.com.tr\/wp-content\/uploads\/2022\/03\/kalite-politikasi-header.jpg\",\"width\":1920,\"height\":380},{\"@type\":\"BreadcrumbList\",\"@id\":\"https:\/\/ekmaymakina.com.tr\/de\/qualitaetsrichtlinie\/#breadcrumb\",\"itemListElement\":[{\"@type\":\"ListItem\",\"position\":1,\"name\":\"Anasayfa\",\"item\":\"https:\/\/ekmaymakina.com.tr\/de\/\"},{\"@type\":\"ListItem\",\"position\":2,\"name\":\"Qualit\u00e4tsrichtlinie\"}]},{\"@type\":\"WebSite\",\"@id\":\"https:\/\/ekmaymakina.com.tr\/de\/#website\",\"url\":\"https:\/\/ekmaymakina.com.tr\/de\/\",\"name\":\"Ekmay Makina\",\"description\":\"M\u00fchendislik ve Yedek Par\u00e7a \u00dcretimi\",\"potentialAction\":[{\"@type\":\"SearchAction\",\"target\":{\"@type\":\"EntryPoint\",\"urlTemplate\":\"https:\/\/ekmaymakina.com.tr\/de\/?s={search_term_string}\"},\"query-input\":{\"@type\":\"PropertyValueSpecification\",\"valueRequired\":true,\"valueName\":\"search_term_string\"}}],\"inLanguage\":\"de\"}]}<\/script>\n<!-- \/ Yoast SEO plugin. -->","yoast_head_json":{"title":"Qualit\u00e4tsrichtlinie - Ekmay Makina","description":"Ekmay Machinery hat sich das Prinzip zu eigen gemacht, zu den zuverl\u00e4ssigsten und bevorzugten Unternehmen seiner Branche zu geh\u00f6ren, und hat seine Politik des Qualit\u00e4tsmanagementsystems in diese Richtung ausgerichtet.","robots":{"index":"index","follow":"follow","max-snippet":"max-snippet:-1","max-image-preview":"max-image-preview:large","max-video-preview":"max-video-preview:-1"},"canonical":"https:\/\/ekmaymakina.com.tr\/de\/qualitaetsrichtlinie\/","og_locale":"de_DE","og_type":"article","og_title":"Qualit\u00e4tsrichtlinie - Ekmay Makina","og_description":"Ekmay Machinery hat sich das Prinzip zu eigen gemacht, zu den zuverl\u00e4ssigsten und bevorzugten Unternehmen seiner Branche zu geh\u00f6ren, und hat seine Politik des Qualit\u00e4tsmanagementsystems in diese Richtung ausgerichtet.","og_url":"https:\/\/ekmaymakina.com.tr\/de\/qualitaetsrichtlinie\/","og_site_name":"Ekmay Makina","article_modified_time":"2022-06-29T08:45:38+00:00","og_image":[{"width":1920,"height":380,"url":"https:\/\/ekmaymakina.com.tr\/wp-content\/uploads\/2022\/03\/kalite-politikasi-header.jpg","type":"image\/jpeg"}],"twitter_card":"summary_large_image","twitter_misc":{"Gesch\u00e4tzte Lesezeit":"2\u00a0Minuten"},"schema":{"@context":"https:\/\/schema.org","@graph":[{"@type":"WebPage","@id":"https:\/\/ekmaymakina.com.tr\/de\/qualitaetsrichtlinie\/","url":"https:\/\/ekmaymakina.com.tr\/de\/qualitaetsrichtlinie\/","name":"Qualit\u00e4tsrichtlinie - Ekmay Makina","isPartOf":{"@id":"https:\/\/ekmaymakina.com.tr\/de\/#website"},"primaryImageOfPage":{"@id":"https:\/\/ekmaymakina.com.tr\/de\/qualitaetsrichtlinie\/#primaryimage"},"image":{"@id":"https:\/\/ekmaymakina.com.tr\/de\/qualitaetsrichtlinie\/#primaryimage"},"thumbnailUrl":"https:\/\/ekmaymakina.com.tr\/wp-content\/uploads\/2022\/03\/kalite-politikasi-header.jpg","datePublished":"2022-03-11T15:42:15+00:00","dateModified":"2022-06-29T08:45:38+00:00","description":"Ekmay Machinery hat sich das Prinzip zu eigen gemacht, zu den zuverl\u00e4ssigsten und bevorzugten Unternehmen seiner Branche zu geh\u00f6ren, und hat seine Politik des Qualit\u00e4tsmanagementsystems in diese Richtung ausgerichtet.","breadcrumb":{"@id":"https:\/\/ekmaymakina.com.tr\/de\/qualitaetsrichtlinie\/#breadcrumb"},"inLanguage":"de","potentialAction":[{"@type":"ReadAction","target":["https:\/\/ekmaymakina.com.tr\/de\/qualitaetsrichtlinie\/"]}]},{"@type":"ImageObject","inLanguage":"de","@id":"https:\/\/ekmaymakina.com.tr\/de\/qualitaetsrichtlinie\/#primaryimage","url":"https:\/\/ekmaymakina.com.tr\/wp-content\/uploads\/2022\/03\/kalite-politikasi-header.jpg","contentUrl":"https:\/\/ekmaymakina.com.tr\/wp-content\/uploads\/2022\/03\/kalite-politikasi-header.jpg","width":1920,"height":380},{"@type":"BreadcrumbList","@id":"https:\/\/ekmaymakina.com.tr\/de\/qualitaetsrichtlinie\/#breadcrumb","itemListElement":[{"@type":"ListItem","position":1,"name":"Anasayfa","item":"https:\/\/ekmaymakina.com.tr\/de\/"},{"@type":"ListItem","position":2,"name":"Qualit\u00e4tsrichtlinie"}]},{"@type":"WebSite","@id":"https:\/\/ekmaymakina.com.tr\/de\/#website","url":"https:\/\/ekmaymakina.com.tr\/de\/","name":"Ekmay Makina","description":"M\u00fchendislik ve Yedek Par\u00e7a \u00dcretimi","potentialAction":[{"@type":"SearchAction","target":{"@type":"EntryPoint","urlTemplate":"https:\/\/ekmaymakina.com.tr\/de\/?s={search_term_string}"},"query-input":{"@type":"PropertyValueSpecification","valueRequired":true,"valueName":"search_term_string"}}],"inLanguage":"de"}]}},"_links":{"self":[{"href":"https:\/\/ekmaymakina.com.tr\/de\/wp-json\/wp\/v2\/pages\/10566","targetHints":{"allow":["GET"]}}],"collection":[{"href":"https:\/\/ekmaymakina.com.tr\/de\/wp-json\/wp\/v2\/pages"}],"about":[{"href":"https:\/\/ekmaymakina.com.tr\/de\/wp-json\/wp\/v2\/types\/page"}],"author":[{"embeddable":true,"href":"https:\/\/ekmaymakina.com.tr\/de\/wp-json\/wp\/v2\/users\/1"}],"replies":[{"embeddable":true,"href":"https:\/\/ekmaymakina.com.tr\/de\/wp-json\/wp\/v2\/comments?post=10566"}],"version-history":[{"count":9,"href":"https:\/\/ekmaymakina.com.tr\/de\/wp-json\/wp\/v2\/pages\/10566\/revisions"}],"predecessor-version":[{"id":11193,"href":"https:\/\/ekmaymakina.com.tr\/de\/wp-json\/wp\/v2\/pages\/10566\/revisions\/11193"}],"wp:featuredmedia":[{"embeddable":true,"href":"https:\/\/ekmaymakina.com.tr\/de\/wp-json\/wp\/v2\/media\/10195"}],"wp:attachment":[{"href":"https:\/\/ekmaymakina.com.tr\/de\/wp-json\/wp\/v2\/media?parent=10566"}],"curies":[{"name":"wp","href":"https:\/\/api.w.org\/{rel}","templated":true}]}}