{"id":10572,"date":"2022-03-15T09:16:18","date_gmt":"2022-03-15T09:16:18","guid":{"rendered":"https:\/\/2022.ekmaymakina.com.tr\/makine-parkuru\/"},"modified":"2022-12-23T09:13:17","modified_gmt":"2022-12-23T09:13:17","slug":"maschinen-parkour","status":"publish","type":"page","link":"https:\/\/ekmaymakina.com.tr\/de\/maschinen-parkour\/","title":{"rendered":"Maschinen-Parkour"},"content":{"rendered":"\t\t<div data-elementor-type=\"wp-page\" data-elementor-id=\"10572\" class=\"elementor elementor-10572 elementor-8830\" data-elementor-post-type=\"page\">\n\t\t\t\t\t\t<section class=\"wd-negative-gap elementor-section elementor-top-section elementor-element elementor-element-52cb1d2 elementor-section-content-middle wd-section-stretch elementor-section-boxed elementor-section-height-default elementor-section-height-default\" data-id=\"52cb1d2\" data-element_type=\"section\" data-settings=\"{&quot;background_background&quot;:&quot;classic&quot;}\">\n\t\t\t\t\t\t<div class=\"elementor-container elementor-column-gap-extended\">\n\t\t\t\t\t<div class=\"elementor-column elementor-col-100 elementor-top-column elementor-element elementor-element-b44499e\" data-id=\"b44499e\" data-element_type=\"column\">\n\t\t\t<div class=\"elementor-widget-wrap elementor-element-populated\">\n\t\t\t\t\t\t<div class=\"elementor-element elementor-element-a919334 wd-width-100 elementor-widget elementor-widget-wd_title\" data-id=\"a919334\" data-element_type=\"widget\" data-widget_type=\"wd_title.default\">\n\t\t\t\t<div class=\"elementor-widget-container\">\n\t\t\t\t\t\t\t<div class=\"title-wrapper wd-set-mb reset-last-child wd-title-color-primary wd-title-style-default wd-title-size-large text-left\">\n\n\t\t\t\t\t\t\t\t\t\t\t<div class=\"title-subtitle subtitle-color-primary subtitle-style-default wd-fontsize-xs\">\n\t\t\t\t\tEKMAY MAK\u0130NA\t\t\t\t<\/div>\n\t\t\t\n\t\t\t<div class=\"liner-continer\">\n\t\t\t\t<h1 class=\"woodmart-title-container title wd-fontsize-xxl\">Maschinen-Parkour<br \/>\n<\/h1> \n\t\t\t\t\t\t\t<\/div>\n\n\t\t\t\t\t<\/div>\n\t\t\t\t\t\t<\/div>\n\t\t\t\t<\/div>\n\t\t\t\t\t<\/div>\n\t\t<\/div>\n\t\t\t\t\t<\/div>\n\t\t<\/section>\n\t\t\t\t<section class=\"wd-negative-gap elementor-section elementor-top-section elementor-element elementor-element-84b9be6 elementor-section-boxed elementor-section-height-default elementor-section-height-default\" data-id=\"84b9be6\" data-element_type=\"section\">\n\t\t\t\t\t\t<div class=\"elementor-container elementor-column-gap-default\">\n\t\t\t\t\t<div class=\"elementor-column elementor-col-100 elementor-top-column elementor-element elementor-element-8de6567\" data-id=\"8de6567\" data-element_type=\"column\">\n\t\t\t<div class=\"elementor-widget-wrap elementor-element-populated\">\n\t\t\t\t\t\t<div class=\"elementor-element elementor-element-ad09194 elementor-skin-carousel elementor-arrows-yes elementor-pagination-type-bullets elementor-pagination-position-outside elementor-widget elementor-widget-media-carousel\" data-id=\"ad09194\" data-element_type=\"widget\" data-settings=\"{&quot;skin&quot;:&quot;carousel&quot;,&quot;effect&quot;:&quot;slide&quot;,&quot;show_arrows&quot;:&quot;yes&quot;,&quot;pagination&quot;:&quot;bullets&quot;,&quot;speed&quot;:500,&quot;autoplay&quot;:&quot;yes&quot;,&quot;autoplay_speed&quot;:5000,&quot;loop&quot;:&quot;yes&quot;,&quot;pause_on_hover&quot;:&quot;yes&quot;,&quot;pause_on_interaction&quot;:&quot;yes&quot;,&quot;space_between&quot;:{&quot;unit&quot;:&quot;px&quot;,&quot;size&quot;:10,&quot;sizes&quot;:[]},&quot;space_between_tablet&quot;:{&quot;unit&quot;:&quot;px&quot;,&quot;size&quot;:10,&quot;sizes&quot;:[]},&quot;space_between_mobile&quot;:{&quot;unit&quot;:&quot;px&quot;,&quot;size&quot;:10,&quot;sizes&quot;:[]}}\" data-widget_type=\"media-carousel.default\">\n\t\t\t\t<div class=\"elementor-widget-container\">\n\t\t\t\t\t\t\t\t\t<div class=\"elementor-swiper\">\n\t\t\t\t\t<div class=\"elementor-main-swiper swiper\" role=\"region\" aria-roledescription=\"carousel\" aria-label=\"Slides\">\n\t\t\t\t<div class=\"swiper-wrapper\">\n\t\t\t\t\t\t\t\t\t\t\t<div class=\"swiper-slide\" role=\"group\" aria-roledescription=\"slide\">\n\t\t\t\t\t\t\t\t\t<div class=\"elementor-carousel-image\" role=\"img\" aria-label=\"5-EKSEN-CNC-D\u0130\u015e-\u0130\u015eLEME-MERKEZ\u0130-2\" style=\"background-image: url(&#039;https:\/\/ekmaymakina.com.tr\/wp-content\/uploads\/2022\/03\/5-EKSEN-CNC-DIS-ISLEME-MERKEZI-2.jpg&#039;)\">\n\n\t\t\t\n\t\t\t\t\t<\/div>\n\t\t\t\t\t\t\t\t<\/div>\n\t\t\t\t\t\t\t\t\t\t\t<div class=\"swiper-slide\" role=\"group\" aria-roledescription=\"slide\">\n\t\t\t\t\t\t\t\t\t<div class=\"elementor-carousel-image\" role=\"img\" aria-label=\"goodway-gls-200-\" style=\"background-image: url(&#039;https:\/\/ekmaymakina.com.tr\/wp-content\/uploads\/2022\/03\/goodway-gls-200-1-1.jpg&#039;)\">\n\n\t\t\t\n\t\t\t\t\t<\/div>\n\t\t\t\t\t\t\t\t<\/div>\n\t\t\t\t\t\t\t\t\t\t\t<div class=\"swiper-slide\" role=\"group\" aria-roledescription=\"slide\">\n\t\t\t\t\t\t\t\t\t<div class=\"elementor-carousel-image\" role=\"img\" aria-label=\"Ekmay-NEWAY-VM-1150S\" style=\"background-image: url(&#039;https:\/\/ekmaymakina.com.tr\/wp-content\/uploads\/2022\/04\/Ekmay-NEWAY-VM-1150S.jpg&#039;)\">\n\n\t\t\t\n\t\t\t\t\t<\/div>\n\t\t\t\t\t\t\t\t<\/div>\n\t\t\t\t\t\t\t\t\t\t\t<div class=\"swiper-slide\" role=\"group\" aria-roledescription=\"slide\">\n\t\t\t\t\t\t\t\t\t<div class=\"elementor-carousel-image\" role=\"img\" aria-label=\"dmg-ecomill-800\" style=\"background-image: url(&#039;https:\/\/ekmaymakina.com.tr\/wp-content\/uploads\/2022\/03\/dmg-ecomill-800.jpg&#039;)\">\n\n\t\t\t\n\t\t\t\t\t<\/div>\n\t\t\t\t\t\t\t\t<\/div>\n\t\t\t\t\t\t\t\t\t\t\t<div class=\"swiper-slide\" role=\"group\" aria-roledescription=\"slide\">\n\t\t\t\t\t\t\t\t\t<div class=\"elementor-carousel-image\" role=\"img\" aria-label=\"dahlih-mcv-720-\" style=\"background-image: url(&#039;https:\/\/ekmaymakina.com.tr\/wp-content\/uploads\/2022\/03\/dahlih-mcv-720-.jpg&#039;)\">\n\n\t\t\t\n\t\t\t\t\t<\/div>\n\t\t\t\t\t\t\t\t<\/div>\n\t\t\t\t\t\t\t\t\t\t\t<div class=\"swiper-slide\" role=\"group\" aria-roledescription=\"slide\">\n\t\t\t\t\t\t\t\t\t<div class=\"elementor-carousel-image\" role=\"img\" aria-label=\"argo-a56\" style=\"background-image: url(&#039;https:\/\/ekmaymakina.com.tr\/wp-content\/uploads\/2022\/03\/argo-a56.jpg&#039;)\">\n\n\t\t\t\n\t\t\t\t\t<\/div>\n\t\t\t\t\t\t\t\t<\/div>\n\t\t\t\t\t\t\t\t\t\t\t<div class=\"swiper-slide\" role=\"group\" aria-roledescription=\"slide\">\n\t\t\t\t\t\t\t\t\t<div class=\"elementor-carousel-image\" role=\"img\" aria-label=\"argo-A-51t\" style=\"background-image: url(&#039;https:\/\/ekmaymakina.com.tr\/wp-content\/uploads\/2022\/03\/argo-A-51t.jpg&#039;)\">\n\n\t\t\t\n\t\t\t\t\t<\/div>\n\t\t\t\t\t\t\t\t<\/div>\n\t\t\t\t\t\t\t\t\t<\/div>\n\t\t\t\t\t\t\t\t\t\t\t\t\t\t\t<div class=\"elementor-swiper-button elementor-swiper-button-prev\" role=\"button\" tabindex=\"0\" aria-label=\"Previous\">\n\t\t\t\t\t\t\t<i aria-hidden=\"true\" class=\"eicon-chevron-left\"><\/i>\t\t\t\t\t\t<\/div>\n\t\t\t\t\t\t<div class=\"elementor-swiper-button elementor-swiper-button-next\" role=\"button\" tabindex=\"0\" aria-label=\"Next\">\n\t\t\t\t\t\t\t<i aria-hidden=\"true\" class=\"eicon-chevron-right\"><\/i>\t\t\t\t\t\t<\/div>\n\t\t\t\t\t\t\t\t\t\t\t\t\t\t\t\t<div class=\"swiper-pagination\"><\/div>\n\t\t\t\t\t\t\t\t\t\t\t\t<\/div>\n\t\t\t\t<\/div>\n\t\t\t\t\t\t\t\t<\/div>\n\t\t\t\t<\/div>\n\t\t\t\t\t<\/div>\n\t\t<\/div>\n\t\t\t\t\t<\/div>\n\t\t<\/section>\n\t\t\t\t<section class=\"wd-negative-gap elementor-section elementor-top-section elementor-element elementor-element-1c3d752 elementor-section-boxed elementor-section-height-default elementor-section-height-default\" data-id=\"1c3d752\" data-element_type=\"section\">\n\t\t\t\t\t\t<div class=\"elementor-container elementor-column-gap-default\">\n\t\t\t\t\t<div class=\"elementor-column elementor-col-100 elementor-top-column elementor-element elementor-element-0c1267e\" data-id=\"0c1267e\" data-element_type=\"column\">\n\t\t\t<div class=\"elementor-widget-wrap elementor-element-populated\">\n\t\t\t\t\t\t<div class=\"elementor-element elementor-element-4f40f98 elementor-widget elementor-widget-heading\" data-id=\"4f40f98\" data-element_type=\"widget\" data-widget_type=\"heading.default\">\n\t\t\t\t<div class=\"elementor-widget-container\">\n\t\t\t\t\t<h2 class=\"elementor-heading-title elementor-size-default\">Maschinenausr\u00fcstungsliste<\/h2>\t\t\t\t<\/div>\n\t\t\t\t<\/div>\n\t\t\t\t\t<\/div>\n\t\t<\/div>\n\t\t\t\t\t<\/div>\n\t\t<\/section>\n\t\t\t\t<section class=\"wd-negative-gap elementor-section elementor-top-section elementor-element elementor-element-02e6356 elementor-section-boxed elementor-section-height-default elementor-section-height-default\" data-id=\"02e6356\" data-element_type=\"section\">\n\t\t\t\t\t\t<div class=\"elementor-container elementor-column-gap-default\">\n\t\t\t\t\t<div class=\"elementor-column elementor-col-100 elementor-top-column elementor-element elementor-element-59c78b1\" data-id=\"59c78b1\" data-element_type=\"column\">\n\t\t\t<div class=\"elementor-widget-wrap elementor-element-populated\">\n\t\t\t\t\t\t<div class=\"elementor-element elementor-element-4ef2cdf elementor-widget elementor-widget-wd_text_block\" data-id=\"4ef2cdf\" data-element_type=\"widget\" data-widget_type=\"wd_text_block.default\">\n\t\t\t\t<div class=\"elementor-widget-container\">\n\t\t\t\t\t\t\t<div class=\"wd-text-block reset-last-child text-left\">\n\t\t\t\n\t\t\t\n<table id=\"tablepress-3\" class=\"tablepress tablepress-id-3\">\n<thead>\n<tr class=\"row-1\">\n\t<th class=\"column-1\">MASCHINENTYP<\/th><th class=\"column-2\">MARKE<\/th><th class=\"column-3\">MASCHINENCODE<\/th><th class=\"column-4\">MODELL<\/th><th class=\"column-5\">KAPAZIT\u00c4T<\/th>\n<\/tr>\n<\/thead>\n<tbody class=\"row-striping\">\n<tr class=\"row-2\">\n\t<td class=\"column-1\">5 EKSEN CNC \u0130\u015eLEME MERKEZ\u0130<\/td><td class=\"column-2\">HAAS<\/td><td class=\"column-3\">UMC-500<\/td><td class=\"column-4\">2021<\/td><td class=\"column-5\">610*400 (mm)<\/td>\n<\/tr>\n<tr class=\"row-3\">\n\t<td class=\"column-1\">CNC TORNA TEZGAHI<\/td><td class=\"column-2\">HYUNDA\u0130<\/td><td class=\"column-3\">SE2200LC<\/td><td class=\"column-4\">2022<\/td><td class=\"column-5\">\u00d8390*\u00d8600<\/td>\n<\/tr>\n<tr class=\"row-4\">\n\t<td class=\"column-1\">CNC \u0130\u015eLEME MERKEZ\u0130<\/td><td class=\"column-2\">NEWAY<\/td><td class=\"column-3\">VM-1150S<\/td><td class=\"column-4\">2021<\/td><td class=\"column-5\">1100*520 (mm)<\/td>\n<\/tr>\n<tr class=\"row-5\">\n\t<td class=\"column-1\">CNC \u0130\u015eLEME MERKEZ\u0130<\/td><td class=\"column-2\">DMG<\/td><td class=\"column-3\">ECOM\u0130LL 800V<\/td><td class=\"column-4\">2016\t<\/td><td class=\"column-5\">800*560 (mm)<\/td>\n<\/tr>\n<tr class=\"row-6\">\n\t<td class=\"column-1\">CNC \u0130\u015eLEME MERKEZ\u0130<\/td><td class=\"column-2\">ARGO\t<\/td><td class=\"column-3\">A 56<\/td><td class=\"column-4\">2012<\/td><td class=\"column-5\">600*400 (mm)<\/td>\n<\/tr>\n<tr class=\"row-7\">\n\t<td class=\"column-1\">CNC \u0130\u015eLEME MERKEZ\u0130<\/td><td class=\"column-2\">ARGO\t<\/td><td class=\"column-3\">A 56<\/td><td class=\"column-4\">2011<\/td><td class=\"column-5\">600*400 (mm)<\/td>\n<\/tr>\n<tr class=\"row-8\">\n\t<td class=\"column-1\">CNC \u0130\u015eLEME MERKEZ\u0130<\/td><td class=\"column-2\">DAHL\u0130H<\/td><td class=\"column-3\">MCV-720<\/td><td class=\"column-4\">2008<br \/>\n<\/td><td class=\"column-5\">950*560 (mm)<\/td>\n<\/tr>\n<tr class=\"row-9\">\n\t<td class=\"column-1\">CNC TAPP\u0130NG CENTER<\/td><td class=\"column-2\">ARGO\t<\/td><td class=\"column-3\">A 51-T<\/td><td class=\"column-4\">2006<\/td><td class=\"column-5\">600*350 (mm)<\/td>\n<\/tr>\n<tr class=\"row-10\">\n\t<td class=\"column-1\">CNC TAPP\u0130NG CENTER<\/td><td class=\"column-2\">ARGO\t<\/td><td class=\"column-3\">A 51-T<\/td><td class=\"column-4\">2003<\/td><td class=\"column-5\">600*350 (mm)<\/td>\n<\/tr>\n<tr class=\"row-11\">\n\t<td class=\"column-1\">CNC TORNA TEZGAHI<\/td><td class=\"column-2\">GOODWAY<\/td><td class=\"column-3\">GLS 200<\/td><td class=\"column-4\">2011<\/td><td class=\"column-5\">\u00d8380*\u00d8500<\/td>\n<\/tr>\n<tr class=\"row-12\">\n\t<td class=\"column-1\">CNC TORNA TEZGAHI<\/td><td class=\"column-2\">GOODWAY<\/td><td class=\"column-3\">GLS 200<\/td><td class=\"column-4\">2005<\/td><td class=\"column-5\">\u00d8380*\u00d8500<\/td>\n<\/tr>\n<\/tbody>\n<\/table>\n<!-- #tablepress-3 from cache -->\n\t\t\t\t\t<\/div>\n\t\t\t\t\t\t<\/div>\n\t\t\t\t<\/div>\n\t\t\t\t\t<\/div>\n\t\t<\/div>\n\t\t\t\t\t<\/div>\n\t\t<\/section>\n\t\t\t\t<\/div>\n\t\t","protected":false},"excerpt":{"rendered":"<p>EKMAY MAK\u0130NA Maschinen-Parkour Previous Next Maschinenausr\u00fcstungsliste D\u00fczenle MASCHINENTYP MARKE MASCHINENCODE MODELL KAPAZIT\u00c4T 5 EKSEN CNC \u0130\u015eLEME MERKEZ\u0130 HAAS UMC-500 2021<\/p>\n","protected":false},"author":1,"featured_media":0,"parent":0,"menu_order":0,"comment_status":"closed","ping_status":"closed","template":"","meta":{"footnotes":""},"class_list":["post-10572","page","type-page","status-publish","hentry"],"yoast_head":"<!-- This site is optimized with the Yoast SEO plugin v26.2 - https:\/\/yoast.com\/wordpress\/plugins\/seo\/ -->\n<title>Maschinen-Parkour - Ekmay Makina<\/title>\n<meta name=\"description\" content=\"Ekmay Machinery - Maschinen-Parkour\" \/>\n<meta name=\"robots\" content=\"index, follow, max-snippet:-1, max-image-preview:large, max-video-preview:-1\" \/>\n<link rel=\"canonical\" href=\"https:\/\/ekmaymakina.com.tr\/de\/maschinen-parkour\/\" \/>\n<meta property=\"og:locale\" content=\"de_DE\" \/>\n<meta property=\"og:type\" content=\"article\" \/>\n<meta property=\"og:title\" content=\"Maschinen-Parkour - Ekmay Makina\" \/>\n<meta property=\"og:description\" content=\"Ekmay Machinery - Maschinen-Parkour\" \/>\n<meta property=\"og:url\" content=\"https:\/\/ekmaymakina.com.tr\/de\/maschinen-parkour\/\" \/>\n<meta property=\"og:site_name\" content=\"Ekmay Makina\" \/>\n<meta property=\"article:modified_time\" content=\"2022-12-23T09:13:17+00:00\" \/>\n<meta name=\"twitter:card\" content=\"summary_large_image\" \/>\n<meta name=\"twitter:label1\" content=\"Gesch\u00e4tzte Lesezeit\" \/>\n\t<meta name=\"twitter:data1\" content=\"1\u00a0Minute\" \/>\n<script type=\"application\/ld+json\" class=\"yoast-schema-graph\">{\"@context\":\"https:\/\/schema.org\",\"@graph\":[{\"@type\":\"WebPage\",\"@id\":\"https:\/\/ekmaymakina.com.tr\/de\/maschinen-parkour\/\",\"url\":\"https:\/\/ekmaymakina.com.tr\/de\/maschinen-parkour\/\",\"name\":\"Maschinen-Parkour - Ekmay Makina\",\"isPartOf\":{\"@id\":\"https:\/\/ekmaymakina.com.tr\/de\/#website\"},\"datePublished\":\"2022-03-15T09:16:18+00:00\",\"dateModified\":\"2022-12-23T09:13:17+00:00\",\"description\":\"Ekmay Machinery - Maschinen-Parkour\",\"breadcrumb\":{\"@id\":\"https:\/\/ekmaymakina.com.tr\/de\/maschinen-parkour\/#breadcrumb\"},\"inLanguage\":\"de\",\"potentialAction\":[{\"@type\":\"ReadAction\",\"target\":[\"https:\/\/ekmaymakina.com.tr\/de\/maschinen-parkour\/\"]}]},{\"@type\":\"BreadcrumbList\",\"@id\":\"https:\/\/ekmaymakina.com.tr\/de\/maschinen-parkour\/#breadcrumb\",\"itemListElement\":[{\"@type\":\"ListItem\",\"position\":1,\"name\":\"Anasayfa\",\"item\":\"https:\/\/ekmaymakina.com.tr\/de\/\"},{\"@type\":\"ListItem\",\"position\":2,\"name\":\"Maschinen-Parkour\"}]},{\"@type\":\"WebSite\",\"@id\":\"https:\/\/ekmaymakina.com.tr\/de\/#website\",\"url\":\"https:\/\/ekmaymakina.com.tr\/de\/\",\"name\":\"Ekmay Makina\",\"description\":\"M\u00fchendislik ve Yedek Par\u00e7a \u00dcretimi\",\"potentialAction\":[{\"@type\":\"SearchAction\",\"target\":{\"@type\":\"EntryPoint\",\"urlTemplate\":\"https:\/\/ekmaymakina.com.tr\/de\/?s={search_term_string}\"},\"query-input\":{\"@type\":\"PropertyValueSpecification\",\"valueRequired\":true,\"valueName\":\"search_term_string\"}}],\"inLanguage\":\"de\"}]}<\/script>\n<!-- \/ Yoast SEO plugin. -->","yoast_head_json":{"title":"Maschinen-Parkour - Ekmay Makina","description":"Ekmay Machinery - Maschinen-Parkour","robots":{"index":"index","follow":"follow","max-snippet":"max-snippet:-1","max-image-preview":"max-image-preview:large","max-video-preview":"max-video-preview:-1"},"canonical":"https:\/\/ekmaymakina.com.tr\/de\/maschinen-parkour\/","og_locale":"de_DE","og_type":"article","og_title":"Maschinen-Parkour - Ekmay Makina","og_description":"Ekmay Machinery - Maschinen-Parkour","og_url":"https:\/\/ekmaymakina.com.tr\/de\/maschinen-parkour\/","og_site_name":"Ekmay Makina","article_modified_time":"2022-12-23T09:13:17+00:00","twitter_card":"summary_large_image","twitter_misc":{"Gesch\u00e4tzte Lesezeit":"1\u00a0Minute"},"schema":{"@context":"https:\/\/schema.org","@graph":[{"@type":"WebPage","@id":"https:\/\/ekmaymakina.com.tr\/de\/maschinen-parkour\/","url":"https:\/\/ekmaymakina.com.tr\/de\/maschinen-parkour\/","name":"Maschinen-Parkour - Ekmay Makina","isPartOf":{"@id":"https:\/\/ekmaymakina.com.tr\/de\/#website"},"datePublished":"2022-03-15T09:16:18+00:00","dateModified":"2022-12-23T09:13:17+00:00","description":"Ekmay Machinery - Maschinen-Parkour","breadcrumb":{"@id":"https:\/\/ekmaymakina.com.tr\/de\/maschinen-parkour\/#breadcrumb"},"inLanguage":"de","potentialAction":[{"@type":"ReadAction","target":["https:\/\/ekmaymakina.com.tr\/de\/maschinen-parkour\/"]}]},{"@type":"BreadcrumbList","@id":"https:\/\/ekmaymakina.com.tr\/de\/maschinen-parkour\/#breadcrumb","itemListElement":[{"@type":"ListItem","position":1,"name":"Anasayfa","item":"https:\/\/ekmaymakina.com.tr\/de\/"},{"@type":"ListItem","position":2,"name":"Maschinen-Parkour"}]},{"@type":"WebSite","@id":"https:\/\/ekmaymakina.com.tr\/de\/#website","url":"https:\/\/ekmaymakina.com.tr\/de\/","name":"Ekmay Makina","description":"M\u00fchendislik ve Yedek Par\u00e7a \u00dcretimi","potentialAction":[{"@type":"SearchAction","target":{"@type":"EntryPoint","urlTemplate":"https:\/\/ekmaymakina.com.tr\/de\/?s={search_term_string}"},"query-input":{"@type":"PropertyValueSpecification","valueRequired":true,"valueName":"search_term_string"}}],"inLanguage":"de"}]}},"_links":{"self":[{"href":"https:\/\/ekmaymakina.com.tr\/de\/wp-json\/wp\/v2\/pages\/10572","targetHints":{"allow":["GET"]}}],"collection":[{"href":"https:\/\/ekmaymakina.com.tr\/de\/wp-json\/wp\/v2\/pages"}],"about":[{"href":"https:\/\/ekmaymakina.com.tr\/de\/wp-json\/wp\/v2\/types\/page"}],"author":[{"embeddable":true,"href":"https:\/\/ekmaymakina.com.tr\/de\/wp-json\/wp\/v2\/users\/1"}],"replies":[{"embeddable":true,"href":"https:\/\/ekmaymakina.com.tr\/de\/wp-json\/wp\/v2\/comments?post=10572"}],"version-history":[{"count":16,"href":"https:\/\/ekmaymakina.com.tr\/de\/wp-json\/wp\/v2\/pages\/10572\/revisions"}],"predecessor-version":[{"id":11272,"href":"https:\/\/ekmaymakina.com.tr\/de\/wp-json\/wp\/v2\/pages\/10572\/revisions\/11272"}],"wp:attachment":[{"href":"https:\/\/ekmaymakina.com.tr\/de\/wp-json\/wp\/v2\/media?parent=10572"}],"curies":[{"name":"wp","href":"https:\/\/api.w.org\/{rel}","templated":true}]}}