{"id":10607,"date":"2022-03-05T12:56:58","date_gmt":"2022-03-05T12:56:58","guid":{"rendered":"https:\/\/2022.ekmaymakina.com.tr\/vizyon-misyon\/"},"modified":"2022-06-29T08:45:28","modified_gmt":"2022-06-29T08:45:28","slug":"vision-auftrag","status":"publish","type":"page","link":"https:\/\/ekmaymakina.com.tr\/de\/vision-auftrag\/","title":{"rendered":"Vision &#038; Auftrag"},"content":{"rendered":"\t\t<div data-elementor-type=\"wp-page\" data-elementor-id=\"10607\" class=\"elementor elementor-10607 elementor-8468\" data-elementor-post-type=\"page\">\n\t\t\t\t\t\t<section class=\"wd-negative-gap elementor-section elementor-top-section elementor-element elementor-element-30f4b337 elementor-section-content-middle wd-section-stretch elementor-section-boxed elementor-section-height-default elementor-section-height-default\" data-id=\"30f4b337\" data-element_type=\"section\" data-settings=\"{&quot;background_background&quot;:&quot;classic&quot;}\">\n\t\t\t\t\t\t\t<div class=\"elementor-background-overlay\"><\/div>\n\t\t\t\t\t\t\t<div class=\"elementor-container elementor-column-gap-extended\">\n\t\t\t\t\t<div class=\"elementor-column elementor-col-100 elementor-top-column elementor-element elementor-element-709130a2\" data-id=\"709130a2\" data-element_type=\"column\">\n\t\t\t<div class=\"elementor-widget-wrap elementor-element-populated\">\n\t\t\t\t\t\t<div class=\"elementor-element elementor-element-de6816b wd-width-100 elementor-widget elementor-widget-wd_title\" data-id=\"de6816b\" data-element_type=\"widget\" data-widget_type=\"wd_title.default\">\n\t\t\t\t<div class=\"elementor-widget-container\">\n\t\t\t\t\t\t\t<div class=\"title-wrapper wd-set-mb reset-last-child wd-title-color-primary wd-title-style-default wd-title-size-large text-left\">\n\n\t\t\t\t\t\t\t\t\t\t\t<div class=\"title-subtitle subtitle-color-primary subtitle-style-default wd-fontsize-xs\">\n\t\t\t\t\tEKMAY MAK\u0130NA\t\t\t\t<\/div>\n\t\t\t\n\t\t\t<div class=\"liner-continer\">\n\t\t\t\t<h1 class=\"woodmart-title-container title wd-fontsize-xxl\">Vision &amp; Auftrag<\/h1> \n\t\t\t\t\t\t\t<\/div>\n\n\t\t\t\t\t<\/div>\n\t\t\t\t\t\t<\/div>\n\t\t\t\t<\/div>\n\t\t\t\t\t<\/div>\n\t\t<\/div>\n\t\t\t\t\t<\/div>\n\t\t<\/section>\n\t\t\t\t<section class=\"wd-negative-gap elementor-section elementor-top-section elementor-element elementor-element-3c548bca elementor-reverse-tablet elementor-reverse-mobile elementor-section-boxed elementor-section-height-default elementor-section-height-default\" data-id=\"3c548bca\" data-element_type=\"section\">\n\t\t\t\t\t\t<div class=\"elementor-container elementor-column-gap-default\">\n\t\t\t\t\t<div class=\"elementor-column elementor-col-50 elementor-top-column elementor-element elementor-element-1d354ed7\" data-id=\"1d354ed7\" data-element_type=\"column\">\n\t\t\t<div class=\"elementor-widget-wrap elementor-element-populated\">\n\t\t\t\t\t\t<div class=\"elementor-element elementor-element-3b8f1c6 elementor-widget elementor-widget-wd_image_or_svg\" data-id=\"3b8f1c6\" data-element_type=\"widget\" data-widget_type=\"wd_image_or_svg.default\">\n\t\t\t\t<div class=\"elementor-widget-container\">\n\t\t\t\t\t\n\t\t<div class=\"wd-image text-left\">\n\t\t\t\t\t\t\t\t<img decoding=\"async\" width=\"600\" height=\"400\" src=\"https:\/\/ekmaymakina.com.tr\/wp-content\/uploads\/2022\/03\/vizyon-misyon.jpg\" class=\"attachment-full size-full\" alt=\"\" srcset=\"https:\/\/ekmaymakina.com.tr\/wp-content\/uploads\/2022\/03\/vizyon-misyon.jpg 600w, https:\/\/ekmaymakina.com.tr\/wp-content\/uploads\/2022\/03\/vizyon-misyon-430x287.jpg 430w, https:\/\/ekmaymakina.com.tr\/wp-content\/uploads\/2022\/03\/vizyon-misyon-150x100.jpg 150w, https:\/\/ekmaymakina.com.tr\/wp-content\/uploads\/2022\/03\/vizyon-misyon-400x267.jpg 400w\" sizes=\"(max-width: 600px) 100vw, 600px\" \/>\t\t\t\t\t<\/div>\n\n\t\t\t\t\t\t<\/div>\n\t\t\t\t<\/div>\n\t\t\t\t\t<\/div>\n\t\t<\/div>\n\t\t\t\t<div class=\"elementor-column elementor-col-50 elementor-top-column elementor-element elementor-element-7a9daa7\" data-id=\"7a9daa7\" data-element_type=\"column\">\n\t\t\t<div class=\"elementor-widget-wrap elementor-element-populated\">\n\t\t\t\t\t\t<div class=\"elementor-element elementor-element-18566191 wd-width-100 elementor-widget elementor-widget-wd_title\" data-id=\"18566191\" data-element_type=\"widget\" data-widget_type=\"wd_title.default\">\n\t\t\t\t<div class=\"elementor-widget-container\">\n\t\t\t\t\t\t\t<div class=\"title-wrapper wd-set-mb reset-last-child wd-title-color-primary wd-title-style-default wd-title-size-large text-left\">\n\n\t\t\t\n\t\t\t<div class=\"liner-continer\">\n\t\t\t\t<h4 class=\"woodmart-title-container title wd-fontsize-xxl\">Unsere Aufgabe<\/h4> \n\t\t\t\t\t\t\t<\/div>\n\n\t\t\t\t\t\t\t<div class=\"title-after_title reset-last-child wd-fontsize-s\">\n\t\t\t\t\t<p>Es hat sich das Prinzip zu eigen gemacht, mit seinem professionellen Personal vor Ort einen Beitrag zum Sektor mit der Produktion nach internationalen Qualit\u00e4tsstandards zu leisten, indem es bedingungslose Kundenzufriedenheit auf der Grundlage von Qualit\u00e4t und zuverl\u00e4ssiger Arbeit bietet.<\/p>\t\t\t\t<\/div>\n\t\t\t\t\t<\/div>\n\t\t\t\t\t\t<\/div>\n\t\t\t\t<\/div>\n\t\t\t\t<div class=\"elementor-element elementor-element-647d0e7 wd-width-100 elementor-widget elementor-widget-wd_title\" data-id=\"647d0e7\" data-element_type=\"widget\" data-widget_type=\"wd_title.default\">\n\t\t\t\t<div class=\"elementor-widget-container\">\n\t\t\t\t\t\t\t<div class=\"title-wrapper wd-set-mb reset-last-child wd-title-color-primary wd-title-style-default wd-title-size-large text-left\">\n\n\t\t\t\n\t\t\t<div class=\"liner-continer\">\n\t\t\t\t<h4 class=\"woodmart-title-container title wd-fontsize-xxl\">Unsere Vision<\/h4> \n\t\t\t\t\t\t\t<\/div>\n\n\t\t\t\t\t\t\t<div class=\"title-after_title reset-last-child wd-fontsize-s\">\n\t\t\t\t\t<p>Um eine f\u00fchrende Organisation zu sein, die ihre kommerziellen und sozialen Verbindungen sch\u00e4tzt, nutzt sie ihre Ressourcen richtig und kann die Bed\u00fcrfnisse und Erwartungen unserer Kunden und anderer Interessengruppen erf\u00fcllen, indem sie das Verst\u00e4ndnis von Qualit\u00e4tsprodukten mit der Philosophie der kontinuierlichen Entwicklung verbindet.<\/p>\t\t\t\t<\/div>\n\t\t\t\t\t<\/div>\n\t\t\t\t\t\t<\/div>\n\t\t\t\t<\/div>\n\t\t\t\t\t<\/div>\n\t\t<\/div>\n\t\t\t\t\t<\/div>\n\t\t<\/section>\n\t\t\t\t<\/div>\n\t\t","protected":false},"excerpt":{"rendered":"<p>EKMAY MAK\u0130NA Vision &amp; Auftrag Unsere Aufgabe Es hat sich das Prinzip zu eigen gemacht, mit seinem professionellen Personal vor<\/p>\n","protected":false},"author":1,"featured_media":0,"parent":0,"menu_order":0,"comment_status":"closed","ping_status":"closed","template":"","meta":{"footnotes":""},"class_list":["post-10607","page","type-page","status-publish","hentry"],"yoast_head":"<!-- This site is optimized with the Yoast SEO plugin v26.2 - https:\/\/yoast.com\/wordpress\/plugins\/seo\/ -->\n<title>Vision &amp; Auftrag - Ekmay Makina<\/title>\n<meta name=\"description\" content=\"Es hat sich das Prinzip zu eigen gemacht, mit seinem professionellen Personal vor Ort einen Beitrag zum Sektor mit der Produktion nach internationalen Qualit\u00e4tsstandards zu leisten, indem es bedingungslose Kundenzufriedenheit auf der Grundlage von Qualit\u00e4t und zuverl\u00e4ssiger Arbeit bietet.\" \/>\n<meta name=\"robots\" content=\"index, follow, max-snippet:-1, max-image-preview:large, max-video-preview:-1\" \/>\n<link rel=\"canonical\" href=\"https:\/\/ekmaymakina.com.tr\/de\/vision-auftrag\/\" \/>\n<meta property=\"og:locale\" content=\"de_DE\" \/>\n<meta property=\"og:type\" content=\"article\" \/>\n<meta property=\"og:title\" content=\"Vision &amp; Auftrag - Ekmay Makina\" \/>\n<meta property=\"og:description\" content=\"Es hat sich das Prinzip zu eigen gemacht, mit seinem professionellen Personal vor Ort einen Beitrag zum Sektor mit der Produktion nach internationalen Qualit\u00e4tsstandards zu leisten, indem es bedingungslose Kundenzufriedenheit auf der Grundlage von Qualit\u00e4t und zuverl\u00e4ssiger Arbeit bietet.\" \/>\n<meta property=\"og:url\" content=\"https:\/\/ekmaymakina.com.tr\/de\/vision-auftrag\/\" \/>\n<meta property=\"og:site_name\" content=\"Ekmay Makina\" \/>\n<meta property=\"article:modified_time\" content=\"2022-06-29T08:45:28+00:00\" \/>\n<meta property=\"og:image\" content=\"https:\/\/ekmaymakina.com.tr\/wp-content\/uploads\/2022\/03\/vizyon-misyon.jpg\" \/>\n<meta name=\"twitter:card\" content=\"summary_large_image\" \/>\n<meta name=\"twitter:label1\" content=\"Gesch\u00e4tzte Lesezeit\" \/>\n\t<meta name=\"twitter:data1\" content=\"1\u00a0Minute\" \/>\n<script type=\"application\/ld+json\" class=\"yoast-schema-graph\">{\"@context\":\"https:\/\/schema.org\",\"@graph\":[{\"@type\":\"WebPage\",\"@id\":\"https:\/\/ekmaymakina.com.tr\/de\/vision-auftrag\/\",\"url\":\"https:\/\/ekmaymakina.com.tr\/de\/vision-auftrag\/\",\"name\":\"Vision & Auftrag - Ekmay Makina\",\"isPartOf\":{\"@id\":\"https:\/\/ekmaymakina.com.tr\/de\/#website\"},\"primaryImageOfPage\":{\"@id\":\"https:\/\/ekmaymakina.com.tr\/de\/vision-auftrag\/#primaryimage\"},\"image\":{\"@id\":\"https:\/\/ekmaymakina.com.tr\/de\/vision-auftrag\/#primaryimage\"},\"thumbnailUrl\":\"https:\/\/ekmaymakina.com.tr\/wp-content\/uploads\/2022\/03\/vizyon-misyon.jpg\",\"datePublished\":\"2022-03-05T12:56:58+00:00\",\"dateModified\":\"2022-06-29T08:45:28+00:00\",\"description\":\"Es hat sich das Prinzip zu eigen gemacht, mit seinem professionellen Personal vor Ort einen Beitrag zum Sektor mit der Produktion nach internationalen Qualit\u00e4tsstandards zu leisten, indem es bedingungslose Kundenzufriedenheit auf der Grundlage von Qualit\u00e4t und zuverl\u00e4ssiger Arbeit bietet.\",\"breadcrumb\":{\"@id\":\"https:\/\/ekmaymakina.com.tr\/de\/vision-auftrag\/#breadcrumb\"},\"inLanguage\":\"de\",\"potentialAction\":[{\"@type\":\"ReadAction\",\"target\":[\"https:\/\/ekmaymakina.com.tr\/de\/vision-auftrag\/\"]}]},{\"@type\":\"ImageObject\",\"inLanguage\":\"de\",\"@id\":\"https:\/\/ekmaymakina.com.tr\/de\/vision-auftrag\/#primaryimage\",\"url\":\"https:\/\/ekmaymakina.com.tr\/wp-content\/uploads\/2022\/03\/vizyon-misyon.jpg\",\"contentUrl\":\"https:\/\/ekmaymakina.com.tr\/wp-content\/uploads\/2022\/03\/vizyon-misyon.jpg\"},{\"@type\":\"BreadcrumbList\",\"@id\":\"https:\/\/ekmaymakina.com.tr\/de\/vision-auftrag\/#breadcrumb\",\"itemListElement\":[{\"@type\":\"ListItem\",\"position\":1,\"name\":\"Anasayfa\",\"item\":\"https:\/\/ekmaymakina.com.tr\/de\/\"},{\"@type\":\"ListItem\",\"position\":2,\"name\":\"Vision &#038; Auftrag\"}]},{\"@type\":\"WebSite\",\"@id\":\"https:\/\/ekmaymakina.com.tr\/de\/#website\",\"url\":\"https:\/\/ekmaymakina.com.tr\/de\/\",\"name\":\"Ekmay Makina\",\"description\":\"M\u00fchendislik ve Yedek Par\u00e7a \u00dcretimi\",\"potentialAction\":[{\"@type\":\"SearchAction\",\"target\":{\"@type\":\"EntryPoint\",\"urlTemplate\":\"https:\/\/ekmaymakina.com.tr\/de\/?s={search_term_string}\"},\"query-input\":{\"@type\":\"PropertyValueSpecification\",\"valueRequired\":true,\"valueName\":\"search_term_string\"}}],\"inLanguage\":\"de\"}]}<\/script>\n<!-- \/ Yoast SEO plugin. -->","yoast_head_json":{"title":"Vision & Auftrag - Ekmay Makina","description":"Es hat sich das Prinzip zu eigen gemacht, mit seinem professionellen Personal vor Ort einen Beitrag zum Sektor mit der Produktion nach internationalen Qualit\u00e4tsstandards zu leisten, indem es bedingungslose Kundenzufriedenheit auf der Grundlage von Qualit\u00e4t und zuverl\u00e4ssiger Arbeit bietet.","robots":{"index":"index","follow":"follow","max-snippet":"max-snippet:-1","max-image-preview":"max-image-preview:large","max-video-preview":"max-video-preview:-1"},"canonical":"https:\/\/ekmaymakina.com.tr\/de\/vision-auftrag\/","og_locale":"de_DE","og_type":"article","og_title":"Vision & Auftrag - Ekmay Makina","og_description":"Es hat sich das Prinzip zu eigen gemacht, mit seinem professionellen Personal vor Ort einen Beitrag zum Sektor mit der Produktion nach internationalen Qualit\u00e4tsstandards zu leisten, indem es bedingungslose Kundenzufriedenheit auf der Grundlage von Qualit\u00e4t und zuverl\u00e4ssiger Arbeit bietet.","og_url":"https:\/\/ekmaymakina.com.tr\/de\/vision-auftrag\/","og_site_name":"Ekmay Makina","article_modified_time":"2022-06-29T08:45:28+00:00","og_image":[{"url":"https:\/\/ekmaymakina.com.tr\/wp-content\/uploads\/2022\/03\/vizyon-misyon.jpg","type":"","width":"","height":""}],"twitter_card":"summary_large_image","twitter_misc":{"Gesch\u00e4tzte Lesezeit":"1\u00a0Minute"},"schema":{"@context":"https:\/\/schema.org","@graph":[{"@type":"WebPage","@id":"https:\/\/ekmaymakina.com.tr\/de\/vision-auftrag\/","url":"https:\/\/ekmaymakina.com.tr\/de\/vision-auftrag\/","name":"Vision & Auftrag - Ekmay Makina","isPartOf":{"@id":"https:\/\/ekmaymakina.com.tr\/de\/#website"},"primaryImageOfPage":{"@id":"https:\/\/ekmaymakina.com.tr\/de\/vision-auftrag\/#primaryimage"},"image":{"@id":"https:\/\/ekmaymakina.com.tr\/de\/vision-auftrag\/#primaryimage"},"thumbnailUrl":"https:\/\/ekmaymakina.com.tr\/wp-content\/uploads\/2022\/03\/vizyon-misyon.jpg","datePublished":"2022-03-05T12:56:58+00:00","dateModified":"2022-06-29T08:45:28+00:00","description":"Es hat sich das Prinzip zu eigen gemacht, mit seinem professionellen Personal vor Ort einen Beitrag zum Sektor mit der Produktion nach internationalen Qualit\u00e4tsstandards zu leisten, indem es bedingungslose Kundenzufriedenheit auf der Grundlage von Qualit\u00e4t und zuverl\u00e4ssiger Arbeit bietet.","breadcrumb":{"@id":"https:\/\/ekmaymakina.com.tr\/de\/vision-auftrag\/#breadcrumb"},"inLanguage":"de","potentialAction":[{"@type":"ReadAction","target":["https:\/\/ekmaymakina.com.tr\/de\/vision-auftrag\/"]}]},{"@type":"ImageObject","inLanguage":"de","@id":"https:\/\/ekmaymakina.com.tr\/de\/vision-auftrag\/#primaryimage","url":"https:\/\/ekmaymakina.com.tr\/wp-content\/uploads\/2022\/03\/vizyon-misyon.jpg","contentUrl":"https:\/\/ekmaymakina.com.tr\/wp-content\/uploads\/2022\/03\/vizyon-misyon.jpg"},{"@type":"BreadcrumbList","@id":"https:\/\/ekmaymakina.com.tr\/de\/vision-auftrag\/#breadcrumb","itemListElement":[{"@type":"ListItem","position":1,"name":"Anasayfa","item":"https:\/\/ekmaymakina.com.tr\/de\/"},{"@type":"ListItem","position":2,"name":"Vision &#038; Auftrag"}]},{"@type":"WebSite","@id":"https:\/\/ekmaymakina.com.tr\/de\/#website","url":"https:\/\/ekmaymakina.com.tr\/de\/","name":"Ekmay Makina","description":"M\u00fchendislik ve Yedek Par\u00e7a \u00dcretimi","potentialAction":[{"@type":"SearchAction","target":{"@type":"EntryPoint","urlTemplate":"https:\/\/ekmaymakina.com.tr\/de\/?s={search_term_string}"},"query-input":{"@type":"PropertyValueSpecification","valueRequired":true,"valueName":"search_term_string"}}],"inLanguage":"de"}]}},"_links":{"self":[{"href":"https:\/\/ekmaymakina.com.tr\/de\/wp-json\/wp\/v2\/pages\/10607","targetHints":{"allow":["GET"]}}],"collection":[{"href":"https:\/\/ekmaymakina.com.tr\/de\/wp-json\/wp\/v2\/pages"}],"about":[{"href":"https:\/\/ekmaymakina.com.tr\/de\/wp-json\/wp\/v2\/types\/page"}],"author":[{"embeddable":true,"href":"https:\/\/ekmaymakina.com.tr\/de\/wp-json\/wp\/v2\/users\/1"}],"replies":[{"embeddable":true,"href":"https:\/\/ekmaymakina.com.tr\/de\/wp-json\/wp\/v2\/comments?post=10607"}],"version-history":[{"count":3,"href":"https:\/\/ekmaymakina.com.tr\/de\/wp-json\/wp\/v2\/pages\/10607\/revisions"}],"predecessor-version":[{"id":11187,"href":"https:\/\/ekmaymakina.com.tr\/de\/wp-json\/wp\/v2\/pages\/10607\/revisions\/11187"}],"wp:attachment":[{"href":"https:\/\/ekmaymakina.com.tr\/de\/wp-json\/wp\/v2\/media?parent=10607"}],"curies":[{"name":"wp","href":"https:\/\/api.w.org\/{rel}","templated":true}]}}