{"id":10612,"date":"2022-04-04T10:48:15","date_gmt":"2022-04-04T10:48:15","guid":{"rendered":"https:\/\/2022.ekmaymakina.com.tr\/beyaz-esya-sektoerue-yedek-parca-ueretimi\/"},"modified":"2022-04-09T15:40:39","modified_gmt":"2022-04-09T15:40:39","slug":"ersatzteilproduktion-fuer-die-haushaltsgeraeteindustrie","status":"publish","type":"page","link":"https:\/\/ekmaymakina.com.tr\/de\/ersatzteilproduktion-fuer-die-haushaltsgeraeteindustrie\/","title":{"rendered":"Ersatzteilproduktion f\u00fcr die Haushaltsger\u00e4teindustrie"},"content":{"rendered":"\t\t<div data-elementor-type=\"wp-page\" data-elementor-id=\"10612\" class=\"elementor elementor-10612 elementor-10273\" data-elementor-post-type=\"page\">\n\t\t\t\t\t\t<section class=\"wd-negative-gap elementor-section elementor-top-section elementor-element elementor-element-52cb1d2 elementor-section-content-middle wd-section-stretch elementor-section-boxed elementor-section-height-default elementor-section-height-default\" data-id=\"52cb1d2\" data-element_type=\"section\" data-settings=\"{&quot;background_background&quot;:&quot;classic&quot;}\">\n\t\t\t\t\t\t<div class=\"elementor-container elementor-column-gap-extended\">\n\t\t\t\t\t<div class=\"elementor-column elementor-col-100 elementor-top-column elementor-element elementor-element-b44499e\" data-id=\"b44499e\" data-element_type=\"column\">\n\t\t\t<div class=\"elementor-widget-wrap elementor-element-populated\">\n\t\t\t\t\t\t<div class=\"elementor-element elementor-element-a919334 wd-width-100 elementor-widget elementor-widget-wd_title\" data-id=\"a919334\" data-element_type=\"widget\" data-widget_type=\"wd_title.default\">\n\t\t\t\t<div class=\"elementor-widget-container\">\n\t\t\t\t\t\t\t<div class=\"title-wrapper wd-set-mb reset-last-child wd-title-color-primary wd-title-style-default wd-title-size-large text-left\">\n\n\t\t\t\t\t\t\t\t\t\t\t<div class=\"title-subtitle subtitle-color-primary subtitle-style-default wd-fontsize-xs\">\n\t\t\t\t\tEKMAY MAK\u0130NA\t\t\t\t<\/div>\n\t\t\t\n\t\t\t<div class=\"liner-continer\">\n\t\t\t\t<h1 class=\"woodmart-title-container title wd-fontsize-xxl\">Ersatzteilproduktion f\u00fcr die Haushaltsger\u00e4teindustrie<\/h1> \n\t\t\t\t\t\t\t<\/div>\n\n\t\t\t\t\t<\/div>\n\t\t\t\t\t\t<\/div>\n\t\t\t\t<\/div>\n\t\t\t\t\t<\/div>\n\t\t<\/div>\n\t\t\t\t\t<\/div>\n\t\t<\/section>\n\t\t\t\t<section class=\"wd-negative-gap elementor-section elementor-top-section elementor-element elementor-element-fa01647 elementor-section-boxed elementor-section-height-default elementor-section-height-default\" data-id=\"fa01647\" data-element_type=\"section\">\n\t\t\t\t\t\t<div class=\"elementor-container elementor-column-gap-default\">\n\t\t\t\t\t<div class=\"elementor-column elementor-col-50 elementor-top-column elementor-element elementor-element-d945ec0\" data-id=\"d945ec0\" data-element_type=\"column\">\n\t\t\t<div class=\"elementor-widget-wrap elementor-element-populated\">\n\t\t\t\t\t\t<div class=\"elementor-element elementor-element-0b21422 elementor-widget elementor-widget-wd_image_or_svg\" data-id=\"0b21422\" data-element_type=\"widget\" data-widget_type=\"wd_image_or_svg.default\">\n\t\t\t\t<div class=\"elementor-widget-container\">\n\t\t\t\t\t\n\t\t<div class=\"wd-image text-left\">\n\t\t\t\t\t\t\t\t<img decoding=\"async\" width=\"530\" height=\"250\" src=\"https:\/\/ekmaymakina.com.tr\/wp-content\/uploads\/2022\/04\/Beyaz-Esya-Sektoru-Yedek-Parca-Uretimi.jpg\" class=\"attachment-full size-full\" alt=\"\" srcset=\"https:\/\/ekmaymakina.com.tr\/wp-content\/uploads\/2022\/04\/Beyaz-Esya-Sektoru-Yedek-Parca-Uretimi.jpg 530w, https:\/\/ekmaymakina.com.tr\/wp-content\/uploads\/2022\/04\/Beyaz-Esya-Sektoru-Yedek-Parca-Uretimi-400x189.jpg 400w, https:\/\/ekmaymakina.com.tr\/wp-content\/uploads\/2022\/04\/Beyaz-Esya-Sektoru-Yedek-Parca-Uretimi-430x203.jpg 430w, https:\/\/ekmaymakina.com.tr\/wp-content\/uploads\/2022\/04\/Beyaz-Esya-Sektoru-Yedek-Parca-Uretimi-150x71.jpg 150w\" sizes=\"(max-width: 530px) 100vw, 530px\" \/>\t\t\t\t\t<\/div>\n\n\t\t\t\t\t\t<\/div>\n\t\t\t\t<\/div>\n\t\t\t\t\t<\/div>\n\t\t<\/div>\n\t\t\t\t<div class=\"elementor-column elementor-col-50 elementor-top-column elementor-element elementor-element-57a662d\" data-id=\"57a662d\" data-element_type=\"column\">\n\t\t\t<div class=\"elementor-widget-wrap elementor-element-populated\">\n\t\t\t\t\t\t<div class=\"elementor-element elementor-element-792b55b elementor-widget elementor-widget-wd_text_block\" data-id=\"792b55b\" data-element_type=\"widget\" data-widget_type=\"wd_text_block.default\">\n\t\t\t\t<div class=\"elementor-widget-container\">\n\t\t\t\t\t\t\t<div class=\"wd-text-block reset-last-child text-left\">\n\t\t\t\n\t\t\t<p>Wir bieten Service mit unseren erfahrenen Mitarbeitern in der Wei\u00dfwarenindustrie Ersatzteilproduktion.<\/p><p>Mit unserem voll ausgestatteten Maschinenpark und hoher Fertigungsqualit\u00e4t bieten wir L\u00f6sungen bei der Herstellung von Teilen f\u00fcr wei\u00dfe Ware wie K\u00fchlschr\u00e4nke und Waschmaschinen.<\/p>\n\t\t\t\t\t<\/div>\n\t\t\t\t\t\t<\/div>\n\t\t\t\t<\/div>\n\t\t\t\t\t<\/div>\n\t\t<\/div>\n\t\t\t\t\t<\/div>\n\t\t<\/section>\n\t\t\t\t<\/div>\n\t\t","protected":false},"excerpt":{"rendered":"<p>EKMAY MAK\u0130NA Ersatzteilproduktion f\u00fcr die Haushaltsger\u00e4teindustrie Wir bieten Service mit unseren erfahrenen Mitarbeitern in der Wei\u00dfwarenindustrie Ersatzteilproduktion. Mit unserem voll<\/p>\n","protected":false},"author":1,"featured_media":0,"parent":0,"menu_order":0,"comment_status":"closed","ping_status":"closed","template":"","meta":{"footnotes":""},"class_list":["post-10612","page","type-page","status-publish","hentry"],"yoast_head":"<!-- This site is optimized with the Yoast SEO plugin v26.2 - https:\/\/yoast.com\/wordpress\/plugins\/seo\/ -->\n<title>Ersatzteilproduktion f\u00fcr die Haushaltsger\u00e4teindustrie - Ekmay Makina<\/title>\n<meta name=\"description\" content=\"Wir bieten Service mit unseren erfahrenen Mitarbeitern in der Wei\u00dfwarenindustrie Ersatzteilproduktion.\" \/>\n<meta name=\"robots\" content=\"index, follow, max-snippet:-1, max-image-preview:large, max-video-preview:-1\" \/>\n<link rel=\"canonical\" href=\"https:\/\/ekmaymakina.com.tr\/de\/ersatzteilproduktion-fuer-die-haushaltsgeraeteindustrie\/\" \/>\n<meta property=\"og:locale\" content=\"de_DE\" \/>\n<meta property=\"og:type\" content=\"article\" \/>\n<meta property=\"og:title\" content=\"Ersatzteilproduktion f\u00fcr die Haushaltsger\u00e4teindustrie - Ekmay Makina\" \/>\n<meta property=\"og:description\" content=\"Wir bieten Service mit unseren erfahrenen Mitarbeitern in der Wei\u00dfwarenindustrie Ersatzteilproduktion.\" \/>\n<meta property=\"og:url\" content=\"https:\/\/ekmaymakina.com.tr\/de\/ersatzteilproduktion-fuer-die-haushaltsgeraeteindustrie\/\" \/>\n<meta property=\"og:site_name\" content=\"Ekmay Makina\" \/>\n<meta property=\"article:modified_time\" content=\"2022-04-09T15:40:39+00:00\" \/>\n<meta property=\"og:image\" content=\"https:\/\/ekmaymakina.com.tr\/wp-content\/uploads\/2022\/04\/Beyaz-Esya-Sektoru-Yedek-Parca-Uretimi.jpg\" \/>\n<meta name=\"twitter:card\" content=\"summary_large_image\" \/>\n<meta name=\"twitter:label1\" content=\"Gesch\u00e4tzte Lesezeit\" \/>\n\t<meta name=\"twitter:data1\" content=\"1\u00a0Minute\" \/>\n<script type=\"application\/ld+json\" class=\"yoast-schema-graph\">{\"@context\":\"https:\/\/schema.org\",\"@graph\":[{\"@type\":\"WebPage\",\"@id\":\"https:\/\/ekmaymakina.com.tr\/de\/ersatzteilproduktion-fuer-die-haushaltsgeraeteindustrie\/\",\"url\":\"https:\/\/ekmaymakina.com.tr\/de\/ersatzteilproduktion-fuer-die-haushaltsgeraeteindustrie\/\",\"name\":\"Ersatzteilproduktion f\u00fcr die Haushaltsger\u00e4teindustrie - Ekmay Makina\",\"isPartOf\":{\"@id\":\"https:\/\/ekmaymakina.com.tr\/de\/#website\"},\"primaryImageOfPage\":{\"@id\":\"https:\/\/ekmaymakina.com.tr\/de\/ersatzteilproduktion-fuer-die-haushaltsgeraeteindustrie\/#primaryimage\"},\"image\":{\"@id\":\"https:\/\/ekmaymakina.com.tr\/de\/ersatzteilproduktion-fuer-die-haushaltsgeraeteindustrie\/#primaryimage\"},\"thumbnailUrl\":\"https:\/\/ekmaymakina.com.tr\/wp-content\/uploads\/2022\/04\/Beyaz-Esya-Sektoru-Yedek-Parca-Uretimi.jpg\",\"datePublished\":\"2022-04-04T10:48:15+00:00\",\"dateModified\":\"2022-04-09T15:40:39+00:00\",\"description\":\"Wir bieten Service mit unseren erfahrenen Mitarbeitern in der Wei\u00dfwarenindustrie Ersatzteilproduktion.\",\"breadcrumb\":{\"@id\":\"https:\/\/ekmaymakina.com.tr\/de\/ersatzteilproduktion-fuer-die-haushaltsgeraeteindustrie\/#breadcrumb\"},\"inLanguage\":\"de\",\"potentialAction\":[{\"@type\":\"ReadAction\",\"target\":[\"https:\/\/ekmaymakina.com.tr\/de\/ersatzteilproduktion-fuer-die-haushaltsgeraeteindustrie\/\"]}]},{\"@type\":\"ImageObject\",\"inLanguage\":\"de\",\"@id\":\"https:\/\/ekmaymakina.com.tr\/de\/ersatzteilproduktion-fuer-die-haushaltsgeraeteindustrie\/#primaryimage\",\"url\":\"https:\/\/ekmaymakina.com.tr\/wp-content\/uploads\/2022\/04\/Beyaz-Esya-Sektoru-Yedek-Parca-Uretimi.jpg\",\"contentUrl\":\"https:\/\/ekmaymakina.com.tr\/wp-content\/uploads\/2022\/04\/Beyaz-Esya-Sektoru-Yedek-Parca-Uretimi.jpg\"},{\"@type\":\"BreadcrumbList\",\"@id\":\"https:\/\/ekmaymakina.com.tr\/de\/ersatzteilproduktion-fuer-die-haushaltsgeraeteindustrie\/#breadcrumb\",\"itemListElement\":[{\"@type\":\"ListItem\",\"position\":1,\"name\":\"Anasayfa\",\"item\":\"https:\/\/ekmaymakina.com.tr\/de\/\"},{\"@type\":\"ListItem\",\"position\":2,\"name\":\"Ersatzteilproduktion f\u00fcr die Haushaltsger\u00e4teindustrie\"}]},{\"@type\":\"WebSite\",\"@id\":\"https:\/\/ekmaymakina.com.tr\/de\/#website\",\"url\":\"https:\/\/ekmaymakina.com.tr\/de\/\",\"name\":\"Ekmay Makina\",\"description\":\"M\u00fchendislik ve Yedek Par\u00e7a \u00dcretimi\",\"potentialAction\":[{\"@type\":\"SearchAction\",\"target\":{\"@type\":\"EntryPoint\",\"urlTemplate\":\"https:\/\/ekmaymakina.com.tr\/de\/?s={search_term_string}\"},\"query-input\":{\"@type\":\"PropertyValueSpecification\",\"valueRequired\":true,\"valueName\":\"search_term_string\"}}],\"inLanguage\":\"de\"}]}<\/script>\n<!-- \/ Yoast SEO plugin. -->","yoast_head_json":{"title":"Ersatzteilproduktion f\u00fcr die Haushaltsger\u00e4teindustrie - Ekmay Makina","description":"Wir bieten Service mit unseren erfahrenen Mitarbeitern in der Wei\u00dfwarenindustrie Ersatzteilproduktion.","robots":{"index":"index","follow":"follow","max-snippet":"max-snippet:-1","max-image-preview":"max-image-preview:large","max-video-preview":"max-video-preview:-1"},"canonical":"https:\/\/ekmaymakina.com.tr\/de\/ersatzteilproduktion-fuer-die-haushaltsgeraeteindustrie\/","og_locale":"de_DE","og_type":"article","og_title":"Ersatzteilproduktion f\u00fcr die Haushaltsger\u00e4teindustrie - Ekmay Makina","og_description":"Wir bieten Service mit unseren erfahrenen Mitarbeitern in der Wei\u00dfwarenindustrie Ersatzteilproduktion.","og_url":"https:\/\/ekmaymakina.com.tr\/de\/ersatzteilproduktion-fuer-die-haushaltsgeraeteindustrie\/","og_site_name":"Ekmay Makina","article_modified_time":"2022-04-09T15:40:39+00:00","og_image":[{"url":"https:\/\/ekmaymakina.com.tr\/wp-content\/uploads\/2022\/04\/Beyaz-Esya-Sektoru-Yedek-Parca-Uretimi.jpg","type":"","width":"","height":""}],"twitter_card":"summary_large_image","twitter_misc":{"Gesch\u00e4tzte Lesezeit":"1\u00a0Minute"},"schema":{"@context":"https:\/\/schema.org","@graph":[{"@type":"WebPage","@id":"https:\/\/ekmaymakina.com.tr\/de\/ersatzteilproduktion-fuer-die-haushaltsgeraeteindustrie\/","url":"https:\/\/ekmaymakina.com.tr\/de\/ersatzteilproduktion-fuer-die-haushaltsgeraeteindustrie\/","name":"Ersatzteilproduktion f\u00fcr die Haushaltsger\u00e4teindustrie - Ekmay Makina","isPartOf":{"@id":"https:\/\/ekmaymakina.com.tr\/de\/#website"},"primaryImageOfPage":{"@id":"https:\/\/ekmaymakina.com.tr\/de\/ersatzteilproduktion-fuer-die-haushaltsgeraeteindustrie\/#primaryimage"},"image":{"@id":"https:\/\/ekmaymakina.com.tr\/de\/ersatzteilproduktion-fuer-die-haushaltsgeraeteindustrie\/#primaryimage"},"thumbnailUrl":"https:\/\/ekmaymakina.com.tr\/wp-content\/uploads\/2022\/04\/Beyaz-Esya-Sektoru-Yedek-Parca-Uretimi.jpg","datePublished":"2022-04-04T10:48:15+00:00","dateModified":"2022-04-09T15:40:39+00:00","description":"Wir bieten Service mit unseren erfahrenen Mitarbeitern in der Wei\u00dfwarenindustrie Ersatzteilproduktion.","breadcrumb":{"@id":"https:\/\/ekmaymakina.com.tr\/de\/ersatzteilproduktion-fuer-die-haushaltsgeraeteindustrie\/#breadcrumb"},"inLanguage":"de","potentialAction":[{"@type":"ReadAction","target":["https:\/\/ekmaymakina.com.tr\/de\/ersatzteilproduktion-fuer-die-haushaltsgeraeteindustrie\/"]}]},{"@type":"ImageObject","inLanguage":"de","@id":"https:\/\/ekmaymakina.com.tr\/de\/ersatzteilproduktion-fuer-die-haushaltsgeraeteindustrie\/#primaryimage","url":"https:\/\/ekmaymakina.com.tr\/wp-content\/uploads\/2022\/04\/Beyaz-Esya-Sektoru-Yedek-Parca-Uretimi.jpg","contentUrl":"https:\/\/ekmaymakina.com.tr\/wp-content\/uploads\/2022\/04\/Beyaz-Esya-Sektoru-Yedek-Parca-Uretimi.jpg"},{"@type":"BreadcrumbList","@id":"https:\/\/ekmaymakina.com.tr\/de\/ersatzteilproduktion-fuer-die-haushaltsgeraeteindustrie\/#breadcrumb","itemListElement":[{"@type":"ListItem","position":1,"name":"Anasayfa","item":"https:\/\/ekmaymakina.com.tr\/de\/"},{"@type":"ListItem","position":2,"name":"Ersatzteilproduktion f\u00fcr die Haushaltsger\u00e4teindustrie"}]},{"@type":"WebSite","@id":"https:\/\/ekmaymakina.com.tr\/de\/#website","url":"https:\/\/ekmaymakina.com.tr\/de\/","name":"Ekmay Makina","description":"M\u00fchendislik ve Yedek Par\u00e7a \u00dcretimi","potentialAction":[{"@type":"SearchAction","target":{"@type":"EntryPoint","urlTemplate":"https:\/\/ekmaymakina.com.tr\/de\/?s={search_term_string}"},"query-input":{"@type":"PropertyValueSpecification","valueRequired":true,"valueName":"search_term_string"}}],"inLanguage":"de"}]}},"_links":{"self":[{"href":"https:\/\/ekmaymakina.com.tr\/de\/wp-json\/wp\/v2\/pages\/10612","targetHints":{"allow":["GET"]}}],"collection":[{"href":"https:\/\/ekmaymakina.com.tr\/de\/wp-json\/wp\/v2\/pages"}],"about":[{"href":"https:\/\/ekmaymakina.com.tr\/de\/wp-json\/wp\/v2\/types\/page"}],"author":[{"embeddable":true,"href":"https:\/\/ekmaymakina.com.tr\/de\/wp-json\/wp\/v2\/users\/1"}],"replies":[{"embeddable":true,"href":"https:\/\/ekmaymakina.com.tr\/de\/wp-json\/wp\/v2\/comments?post=10612"}],"version-history":[{"count":0,"href":"https:\/\/ekmaymakina.com.tr\/de\/wp-json\/wp\/v2\/pages\/10612\/revisions"}],"wp:attachment":[{"href":"https:\/\/ekmaymakina.com.tr\/de\/wp-json\/wp\/v2\/media?parent=10612"}],"curies":[{"name":"wp","href":"https:\/\/api.w.org\/{rel}","templated":true}]}}