{"id":10649,"date":"2022-03-15T08:19:55","date_gmt":"2022-03-15T08:19:55","guid":{"rendered":"https:\/\/2022.ekmaymakina.com.tr\/belge-ve-sertifikalarimiz\/"},"modified":"2022-06-29T08:34:39","modified_gmt":"2022-06-29T08:34:39","slug":"our-documents-and-certificates","status":"publish","type":"page","link":"https:\/\/ekmaymakina.com.tr\/en\/our-documents-and-certificates\/","title":{"rendered":"Our Documents and Certificates"},"content":{"rendered":"\t\t<div data-elementor-type=\"wp-page\" data-elementor-id=\"10649\" class=\"elementor elementor-10649 elementor-8819\" data-elementor-post-type=\"page\">\n\t\t\t\t\t\t<section class=\"wd-negative-gap elementor-section elementor-top-section elementor-element elementor-element-ada50ae elementor-section-content-middle wd-section-stretch elementor-section-boxed elementor-section-height-default elementor-section-height-default\" data-id=\"ada50ae\" data-element_type=\"section\" data-settings=\"{&quot;background_background&quot;:&quot;classic&quot;}\">\n\t\t\t\t\t\t<div class=\"elementor-container elementor-column-gap-extended\">\n\t\t\t\t\t<div class=\"elementor-column elementor-col-100 elementor-top-column elementor-element elementor-element-da827cf\" data-id=\"da827cf\" data-element_type=\"column\">\n\t\t\t<div class=\"elementor-widget-wrap elementor-element-populated\">\n\t\t\t\t\t\t<div class=\"elementor-element elementor-element-1230291 wd-width-100 elementor-widget elementor-widget-wd_title\" data-id=\"1230291\" data-element_type=\"widget\" data-widget_type=\"wd_title.default\">\n\t\t\t\t<div class=\"elementor-widget-container\">\n\t\t\t\t\t\t\t<div class=\"title-wrapper wd-set-mb reset-last-child wd-title-color-primary wd-title-style-default wd-title-size-large text-left\">\n\n\t\t\t\t\t\t\t\t\t\t\t<div class=\"title-subtitle subtitle-color-primary subtitle-style-default wd-fontsize-xs\">\n\t\t\t\t\tEKMAY MAK\u0130NA\t\t\t\t<\/div>\n\t\t\t\n\t\t\t<div class=\"liner-continer\">\n\t\t\t\t<h1 class=\"woodmart-title-container title wd-fontsize-xxl\">Our Documents and Certificates<\/h1> \n\t\t\t\t\t\t\t<\/div>\n\n\t\t\t\t\t<\/div>\n\t\t\t\t\t\t<\/div>\n\t\t\t\t<\/div>\n\t\t\t\t\t<\/div>\n\t\t<\/div>\n\t\t\t\t\t<\/div>\n\t\t<\/section>\n\t\t\t\t<section class=\"wd-negative-gap elementor-section elementor-top-section elementor-element elementor-element-8b6aff8 elementor-section-boxed elementor-section-height-default elementor-section-height-default\" data-id=\"8b6aff8\" data-element_type=\"section\">\n\t\t\t\t\t\t<div class=\"elementor-container elementor-column-gap-default\">\n\t\t\t\t\t<div class=\"elementor-column elementor-col-100 elementor-top-column elementor-element elementor-element-be79623\" data-id=\"be79623\" data-element_type=\"column\">\n\t\t\t<div class=\"elementor-widget-wrap elementor-element-populated\">\n\t\t\t\t\t\t<div class=\"elementor-element elementor-element-801fa76 elementor-widget elementor-widget-image-gallery\" data-id=\"801fa76\" data-element_type=\"widget\" data-widget_type=\"image-gallery.default\">\n\t\t\t\t<div class=\"elementor-widget-container\">\n\t\t\t\t\t\t\t<div class=\"elementor-image-gallery\">\n\t\t\t\n\t\t<style type=\"text\/css\">\n\t\t\t#gallery-1 {\n\t\t\t\tmargin: auto;\n\t\t\t}\n\t\t\t#gallery-1 .gallery-item {\n\t\t\t\tfloat: left;\n\t\t\t\tmargin-top: 10px;\n\t\t\t\ttext-align: center;\n\t\t\t\twidth: 33%;\n\t\t\t}\n\t\t\t#gallery-1 img {\n\t\t\t\tborder: 2px solid #cfcfcf;\n\t\t\t}\n\t\t\t#gallery-1 .gallery-caption {\n\t\t\t\tmargin-left: 0;\n\t\t\t}\n\t\t\t\/* see gallery_shortcode() in wp-includes\/media.php *\/\n\t\t<\/style>\n\t\t<div id='gallery-1' class='gallery galleryid-10649 gallery-columns-3 gallery-size-full'><dl class='gallery-item'>\n\t\t\t<dt class='gallery-icon landscape'>\n\t\t\t\t<a data-elementor-open-lightbox=\"yes\" data-elementor-lightbox-slideshow=\"801fa76\" data-elementor-lightbox-title=\"K2 BELGES\u0130\" data-e-action-hash=\"#elementor-action%3Aaction%3Dlightbox%26settings%3DeyJpZCI6MTAwODksInVybCI6Imh0dHBzOlwvXC9la21heW1ha2luYS5jb20udHJcL3dwLWNvbnRlbnRcL3VwbG9hZHNcLzIwMjJcLzAzXC9LMi1CRUxHRVNJLXNjYWxlZC5qcGciLCJzbGlkZXNob3ciOiI4MDFmYTc2In0%3D\" href='https:\/\/ekmaymakina.com.tr\/wp-content\/uploads\/2022\/03\/K2-BELGESI-scaled.jpg'><img decoding=\"async\" width=\"2560\" height=\"1812\" src=\"https:\/\/ekmaymakina.com.tr\/wp-content\/uploads\/2022\/03\/K2-BELGESI-scaled.jpg\" class=\"attachment-full size-full\" alt=\"\" aria-describedby=\"gallery-1-10089\" srcset=\"https:\/\/ekmaymakina.com.tr\/wp-content\/uploads\/2022\/03\/K2-BELGESI-scaled.jpg 2560w, https:\/\/ekmaymakina.com.tr\/wp-content\/uploads\/2022\/03\/K2-BELGESI-scaled-430x304.jpg 430w, https:\/\/ekmaymakina.com.tr\/wp-content\/uploads\/2022\/03\/K2-BELGESI-scaled-150x106.jpg 150w, https:\/\/ekmaymakina.com.tr\/wp-content\/uploads\/2022\/03\/K2-BELGESI-scaled-700x495.jpg 700w, https:\/\/ekmaymakina.com.tr\/wp-content\/uploads\/2022\/03\/K2-BELGESI-400x283.jpg 400w, https:\/\/ekmaymakina.com.tr\/wp-content\/uploads\/2022\/03\/K2-BELGESI-1131x800.jpg 1131w, https:\/\/ekmaymakina.com.tr\/wp-content\/uploads\/2022\/03\/K2-BELGESI-768x543.jpg 768w, https:\/\/ekmaymakina.com.tr\/wp-content\/uploads\/2022\/03\/K2-BELGESI-1536x1087.jpg 1536w, https:\/\/ekmaymakina.com.tr\/wp-content\/uploads\/2022\/03\/K2-BELGESI-2048x1449.jpg 2048w, https:\/\/ekmaymakina.com.tr\/wp-content\/uploads\/2022\/03\/K2-BELGESI-860x609.jpg 860w\" sizes=\"(max-width: 2560px) 100vw, 2560px\" \/><\/a>\n\t\t\t<\/dt>\n\t\t\t\t<dd class='wp-caption-text gallery-caption' id='gallery-1-10089'>\n\t\t\t\tK2 DOCUMENT\n\t\t\t\t<\/dd><\/dl><dl class='gallery-item'>\n\t\t\t<dt class='gallery-icon landscape'>\n\t\t\t\t<a data-elementor-open-lightbox=\"yes\" data-elementor-lightbox-slideshow=\"801fa76\" data-elementor-lightbox-title=\"T\u0130CARET ve SANAY\u0130 ODASI\" data-e-action-hash=\"#elementor-action%3Aaction%3Dlightbox%26settings%3DeyJpZCI6MTAwOTMsInVybCI6Imh0dHBzOlwvXC9la21heW1ha2luYS5jb20udHJcL3dwLWNvbnRlbnRcL3VwbG9hZHNcLzIwMjJcLzAzXC90aWNhcmV0LXZlLXNhbmF5aS1vZGFzaS1zY2FsZWQuanBnIiwic2xpZGVzaG93IjoiODAxZmE3NiJ9\" href='https:\/\/ekmaymakina.com.tr\/wp-content\/uploads\/2022\/03\/ticaret-ve-sanayi-odasi-scaled.jpg'><img decoding=\"async\" width=\"2560\" height=\"1794\" src=\"https:\/\/ekmaymakina.com.tr\/wp-content\/uploads\/2022\/03\/ticaret-ve-sanayi-odasi-scaled.jpg\" class=\"attachment-full size-full\" alt=\"\" aria-describedby=\"gallery-1-10093\" srcset=\"https:\/\/ekmaymakina.com.tr\/wp-content\/uploads\/2022\/03\/ticaret-ve-sanayi-odasi-scaled.jpg 2560w, https:\/\/ekmaymakina.com.tr\/wp-content\/uploads\/2022\/03\/ticaret-ve-sanayi-odasi-scaled-430x301.jpg 430w, https:\/\/ekmaymakina.com.tr\/wp-content\/uploads\/2022\/03\/ticaret-ve-sanayi-odasi-scaled-150x105.jpg 150w, https:\/\/ekmaymakina.com.tr\/wp-content\/uploads\/2022\/03\/ticaret-ve-sanayi-odasi-scaled-700x491.jpg 700w, https:\/\/ekmaymakina.com.tr\/wp-content\/uploads\/2022\/03\/ticaret-ve-sanayi-odasi-400x280.jpg 400w, https:\/\/ekmaymakina.com.tr\/wp-content\/uploads\/2022\/03\/ticaret-ve-sanayi-odasi-1141x800.jpg 1141w, https:\/\/ekmaymakina.com.tr\/wp-content\/uploads\/2022\/03\/ticaret-ve-sanayi-odasi-768x538.jpg 768w, https:\/\/ekmaymakina.com.tr\/wp-content\/uploads\/2022\/03\/ticaret-ve-sanayi-odasi-1536x1077.jpg 1536w, https:\/\/ekmaymakina.com.tr\/wp-content\/uploads\/2022\/03\/ticaret-ve-sanayi-odasi-2048x1435.jpg 2048w, https:\/\/ekmaymakina.com.tr\/wp-content\/uploads\/2022\/03\/ticaret-ve-sanayi-odasi-860x603.jpg 860w\" sizes=\"(max-width: 2560px) 100vw, 2560px\" \/><\/a>\n\t\t\t<\/dt>\n\t\t\t\t<dd class='wp-caption-text gallery-caption' id='gallery-1-10093'>\n\t\t\t\tCHAMBER OF COMMERCE AND INDUSTRY\n\t\t\t\t<\/dd><\/dl><dl class='gallery-item'>\n\t\t\t<dt class='gallery-icon landscape'>\n\t\t\t\t<a data-elementor-open-lightbox=\"yes\" data-elementor-lightbox-slideshow=\"801fa76\" data-elementor-lightbox-title=\"Sanayi-Sicil-Belgesi\" data-e-action-hash=\"#elementor-action%3Aaction%3Dlightbox%26settings%3DeyJpZCI6MTA0NzUsInVybCI6Imh0dHBzOlwvXC9la21heW1ha2luYS5jb20udHJcL3dwLWNvbnRlbnRcL3VwbG9hZHNcLzIwMjJcLzA0XC9TYW5heWktU2ljaWwtQmVsZ2VzaS5qcGciLCJzbGlkZXNob3ciOiI4MDFmYTc2In0%3D\" href='https:\/\/ekmaymakina.com.tr\/wp-content\/uploads\/2022\/04\/Sanayi-Sicil-Belgesi.jpg'><img decoding=\"async\" width=\"1754\" height=\"1240\" src=\"https:\/\/ekmaymakina.com.tr\/wp-content\/uploads\/2022\/04\/Sanayi-Sicil-Belgesi.jpg\" class=\"attachment-full size-full\" alt=\"\" aria-describedby=\"gallery-1-10475\" srcset=\"https:\/\/ekmaymakina.com.tr\/wp-content\/uploads\/2022\/04\/Sanayi-Sicil-Belgesi.jpg 1754w, https:\/\/ekmaymakina.com.tr\/wp-content\/uploads\/2022\/04\/Sanayi-Sicil-Belgesi-400x283.jpg 400w, https:\/\/ekmaymakina.com.tr\/wp-content\/uploads\/2022\/04\/Sanayi-Sicil-Belgesi-1132x800.jpg 1132w, https:\/\/ekmaymakina.com.tr\/wp-content\/uploads\/2022\/04\/Sanayi-Sicil-Belgesi-768x543.jpg 768w, https:\/\/ekmaymakina.com.tr\/wp-content\/uploads\/2022\/04\/Sanayi-Sicil-Belgesi-1536x1086.jpg 1536w, https:\/\/ekmaymakina.com.tr\/wp-content\/uploads\/2022\/04\/Sanayi-Sicil-Belgesi-860x608.jpg 860w, https:\/\/ekmaymakina.com.tr\/wp-content\/uploads\/2022\/04\/Sanayi-Sicil-Belgesi-430x304.jpg 430w, https:\/\/ekmaymakina.com.tr\/wp-content\/uploads\/2022\/04\/Sanayi-Sicil-Belgesi-700x495.jpg 700w, https:\/\/ekmaymakina.com.tr\/wp-content\/uploads\/2022\/04\/Sanayi-Sicil-Belgesi-150x106.jpg 150w\" sizes=\"(max-width: 1754px) 100vw, 1754px\" \/><\/a>\n\t\t\t<\/dt>\n\t\t\t\t<dd class='wp-caption-text gallery-caption' id='gallery-1-10475'>\n\t\t\t\tINDUSTRIAL REGISTRY CERTIFICATE\n\t\t\t\t<\/dd><\/dl><br style=\"clear: both\" \/><dl class='gallery-item'>\n\t\t\t<dt class='gallery-icon portrait'>\n\t\t\t\t<a data-elementor-open-lightbox=\"yes\" data-elementor-lightbox-slideshow=\"801fa76\" data-elementor-lightbox-title=\"\u0130SO9001.2015\" data-e-action-hash=\"#elementor-action%3Aaction%3Dlightbox%26settings%3DeyJpZCI6MTA0NzIsInVybCI6Imh0dHBzOlwvXC9la21heW1ha2luYS5jb20udHJcL3dwLWNvbnRlbnRcL3VwbG9hZHNcLzIwMjJcLzA0XC9JU085MDAxLjIwMTUuanBnIiwic2xpZGVzaG93IjoiODAxZmE3NiJ9\" href='https:\/\/ekmaymakina.com.tr\/wp-content\/uploads\/2022\/04\/ISO9001.2015.jpg'><img decoding=\"async\" width=\"752\" height=\"1080\" src=\"https:\/\/ekmaymakina.com.tr\/wp-content\/uploads\/2022\/04\/ISO9001.2015.jpg\" class=\"attachment-full size-full\" alt=\"\" aria-describedby=\"gallery-1-10472\" srcset=\"https:\/\/ekmaymakina.com.tr\/wp-content\/uploads\/2022\/04\/ISO9001.2015.jpg 752w, https:\/\/ekmaymakina.com.tr\/wp-content\/uploads\/2022\/04\/ISO9001.2015-209x300.jpg 209w, https:\/\/ekmaymakina.com.tr\/wp-content\/uploads\/2022\/04\/ISO9001.2015-557x800.jpg 557w, https:\/\/ekmaymakina.com.tr\/wp-content\/uploads\/2022\/04\/ISO9001.2015-430x618.jpg 430w, https:\/\/ekmaymakina.com.tr\/wp-content\/uploads\/2022\/04\/ISO9001.2015-700x1005.jpg 700w, https:\/\/ekmaymakina.com.tr\/wp-content\/uploads\/2022\/04\/ISO9001.2015-150x215.jpg 150w\" sizes=\"(max-width: 752px) 100vw, 752px\" \/><\/a>\n\t\t\t<\/dt>\n\t\t\t\t<dd class='wp-caption-text gallery-caption' id='gallery-1-10472'>\n\t\t\t\tISO 9001\n\t\t\t\t<\/dd><\/dl><dl class='gallery-item'>\n\t\t\t<dt class='gallery-icon portrait'>\n\t\t\t\t<a data-elementor-open-lightbox=\"yes\" data-elementor-lightbox-slideshow=\"801fa76\" data-elementor-lightbox-title=\"MARKA TESC\u0130L BELGES\u0130\" data-e-action-hash=\"#elementor-action%3Aaction%3Dlightbox%26settings%3DeyJpZCI6MTAwOTUsInVybCI6Imh0dHBzOlwvXC9la21heW1ha2luYS5jb20udHJcL3dwLWNvbnRlbnRcL3VwbG9hZHNcLzIwMjJcLzAzXC9tYXJrYS10ZXNjaWxpLS5qcGciLCJzbGlkZXNob3ciOiI4MDFmYTc2In0%3D\" href='https:\/\/ekmaymakina.com.tr\/wp-content\/uploads\/2022\/03\/marka-tescili-.jpg'><img decoding=\"async\" width=\"584\" height=\"842\" src=\"https:\/\/ekmaymakina.com.tr\/wp-content\/uploads\/2022\/03\/marka-tescili-.jpg\" class=\"attachment-full size-full\" alt=\"\" aria-describedby=\"gallery-1-10095\" srcset=\"https:\/\/ekmaymakina.com.tr\/wp-content\/uploads\/2022\/03\/marka-tescili-.jpg 584w, https:\/\/ekmaymakina.com.tr\/wp-content\/uploads\/2022\/03\/marka-tescili--430x620.jpg 430w, https:\/\/ekmaymakina.com.tr\/wp-content\/uploads\/2022\/03\/marka-tescili--150x216.jpg 150w, https:\/\/ekmaymakina.com.tr\/wp-content\/uploads\/2022\/03\/marka-tescili--208x300.jpg 208w, https:\/\/ekmaymakina.com.tr\/wp-content\/uploads\/2022\/03\/marka-tescili--555x800.jpg 555w\" sizes=\"(max-width: 584px) 100vw, 584px\" \/><\/a>\n\t\t\t<\/dt>\n\t\t\t\t<dd class='wp-caption-text gallery-caption' id='gallery-1-10095'>\n\t\t\t\tTRADEMARK REGISTRATION CERTIFICATE\n\t\t\t\t<\/dd><\/dl><dl class='gallery-item'>\n\t\t\t<dt class='gallery-icon portrait'>\n\t\t\t\t<a data-elementor-open-lightbox=\"yes\" data-elementor-lightbox-slideshow=\"801fa76\" data-elementor-lightbox-title=\"EKMAY-9001-2015\" data-e-action-hash=\"#elementor-action%3Aaction%3Dlightbox%26settings%3DeyJpZCI6MTExMTIsInVybCI6Imh0dHBzOlwvXC9la21heW1ha2luYS5jb20udHJcL3dwLWNvbnRlbnRcL3VwbG9hZHNcLzIwMjJcLzA2XC9FS01BWS05MDAxLTIwMTUuanBnIiwic2xpZGVzaG93IjoiODAxZmE3NiJ9\" href='https:\/\/ekmaymakina.com.tr\/wp-content\/uploads\/2022\/06\/EKMAY-9001-2015.jpg'><img decoding=\"async\" width=\"1241\" height=\"1755\" src=\"https:\/\/ekmaymakina.com.tr\/wp-content\/uploads\/2022\/06\/EKMAY-9001-2015.jpg\" class=\"attachment-full size-full\" alt=\"\" aria-describedby=\"gallery-1-11112\" srcset=\"https:\/\/ekmaymakina.com.tr\/wp-content\/uploads\/2022\/06\/EKMAY-9001-2015.jpg 1241w, https:\/\/ekmaymakina.com.tr\/wp-content\/uploads\/2022\/06\/EKMAY-9001-2015-212x300.jpg 212w, https:\/\/ekmaymakina.com.tr\/wp-content\/uploads\/2022\/06\/EKMAY-9001-2015-566x800.jpg 566w, https:\/\/ekmaymakina.com.tr\/wp-content\/uploads\/2022\/06\/EKMAY-9001-2015-768x1086.jpg 768w, https:\/\/ekmaymakina.com.tr\/wp-content\/uploads\/2022\/06\/EKMAY-9001-2015-1086x1536.jpg 1086w\" sizes=\"(max-width: 1241px) 100vw, 1241px\" \/><\/a>\n\t\t\t<\/dt>\n\t\t\t\t<dd class='wp-caption-text gallery-caption' id='gallery-1-11112'>\n\t\t\t\tQUALITY MANAGEMENT SYSTEM\n\t\t\t\t<\/dd><\/dl><br style=\"clear: both\" \/><dl class='gallery-item'>\n\t\t\t<dt class='gallery-icon portrait'>\n\t\t\t\t<a data-elementor-open-lightbox=\"yes\" data-elementor-lightbox-slideshow=\"801fa76\" data-elementor-lightbox-title=\"EKMAY-14001-2015\" data-e-action-hash=\"#elementor-action%3Aaction%3Dlightbox%26settings%3DeyJpZCI6MTExMTgsInVybCI6Imh0dHBzOlwvXC9la21heW1ha2luYS5jb20udHJcL3dwLWNvbnRlbnRcL3VwbG9hZHNcLzIwMjJcLzA2XC9FS01BWS0xNDAwMS0yMDE1LmpwZyIsInNsaWRlc2hvdyI6IjgwMWZhNzYifQ%3D%3D\" href='https:\/\/ekmaymakina.com.tr\/wp-content\/uploads\/2022\/06\/EKMAY-14001-2015.jpg'><img decoding=\"async\" width=\"1241\" height=\"1755\" src=\"https:\/\/ekmaymakina.com.tr\/wp-content\/uploads\/2022\/06\/EKMAY-14001-2015.jpg\" class=\"attachment-full size-full\" alt=\"\" aria-describedby=\"gallery-1-11118\" srcset=\"https:\/\/ekmaymakina.com.tr\/wp-content\/uploads\/2022\/06\/EKMAY-14001-2015.jpg 1241w, https:\/\/ekmaymakina.com.tr\/wp-content\/uploads\/2022\/06\/EKMAY-14001-2015-212x300.jpg 212w, https:\/\/ekmaymakina.com.tr\/wp-content\/uploads\/2022\/06\/EKMAY-14001-2015-566x800.jpg 566w, https:\/\/ekmaymakina.com.tr\/wp-content\/uploads\/2022\/06\/EKMAY-14001-2015-768x1086.jpg 768w, https:\/\/ekmaymakina.com.tr\/wp-content\/uploads\/2022\/06\/EKMAY-14001-2015-1086x1536.jpg 1086w\" sizes=\"(max-width: 1241px) 100vw, 1241px\" \/><\/a>\n\t\t\t<\/dt>\n\t\t\t\t<dd class='wp-caption-text gallery-caption' id='gallery-1-11118'>\n\t\t\t\tENVIRONMENTAL MANAGEMENT SYSTEM\n\t\t\t\t<\/dd><\/dl><dl class='gallery-item'>\n\t\t\t<dt class='gallery-icon portrait'>\n\t\t\t\t<a data-elementor-open-lightbox=\"yes\" data-elementor-lightbox-slideshow=\"801fa76\" data-elementor-lightbox-title=\"EKMAY- ISO 45001-2018\" data-e-action-hash=\"#elementor-action%3Aaction%3Dlightbox%26settings%3DeyJpZCI6MTExMTUsInVybCI6Imh0dHBzOlwvXC9la21heW1ha2luYS5jb20udHJcL3dwLWNvbnRlbnRcL3VwbG9hZHNcLzIwMjJcLzA2XC9FS01BWS1JU08tNDUwMDEtMjAxOC5qcGciLCJzbGlkZXNob3ciOiI4MDFmYTc2In0%3D\" href='https:\/\/ekmaymakina.com.tr\/wp-content\/uploads\/2022\/06\/EKMAY-ISO-45001-2018.jpg'><img decoding=\"async\" width=\"1240\" height=\"1753\" src=\"https:\/\/ekmaymakina.com.tr\/wp-content\/uploads\/2022\/06\/EKMAY-ISO-45001-2018.jpg\" class=\"attachment-full size-full\" alt=\"\" aria-describedby=\"gallery-1-11115\" srcset=\"https:\/\/ekmaymakina.com.tr\/wp-content\/uploads\/2022\/06\/EKMAY-ISO-45001-2018.jpg 1240w, https:\/\/ekmaymakina.com.tr\/wp-content\/uploads\/2022\/06\/EKMAY-ISO-45001-2018-212x300.jpg 212w, https:\/\/ekmaymakina.com.tr\/wp-content\/uploads\/2022\/06\/EKMAY-ISO-45001-2018-566x800.jpg 566w, https:\/\/ekmaymakina.com.tr\/wp-content\/uploads\/2022\/06\/EKMAY-ISO-45001-2018-768x1086.jpg 768w, https:\/\/ekmaymakina.com.tr\/wp-content\/uploads\/2022\/06\/EKMAY-ISO-45001-2018-1087x1536.jpg 1087w\" sizes=\"(max-width: 1240px) 100vw, 1240px\" \/><\/a>\n\t\t\t<\/dt>\n\t\t\t\t<dd class='wp-caption-text gallery-caption' id='gallery-1-11115'>\n\t\t\t\tISO 45001\n\t\t\t\t<\/dd><\/dl>\n\t\t\t<br style='clear: both' \/>\n\t\t<\/div>\n\t\t<\/div>\n\t\t\t\t\t\t<\/div>\n\t\t\t\t<\/div>\n\t\t\t\t\t<\/div>\n\t\t<\/div>\n\t\t\t\t\t<\/div>\n\t\t<\/section>\n\t\t\t\t<\/div>\n\t\t","protected":false},"excerpt":{"rendered":"<p>EKMAY MAK\u0130NA Our Documents and Certificates K2 DOCUMENT CHAMBER OF COMMERCE AND INDUSTRY INDUSTRIAL REGISTRY CERTIFICATE ISO 9001 TRADEMARK REGISTRATION<\/p>\n","protected":false},"author":1,"featured_media":0,"parent":0,"menu_order":0,"comment_status":"closed","ping_status":"closed","template":"","meta":{"footnotes":""},"class_list":["post-10649","page","type-page","status-publish","hentry"],"yoast_head":"<!-- This site is optimized with the Yoast SEO plugin v26.2 - https:\/\/yoast.com\/wordpress\/plugins\/seo\/ -->\n<title>Our Documents and Certificates - Ekmay Makina<\/title>\n<meta name=\"description\" content=\"Ekmay Machinery; K2 Certificate, Industry Registration Certificate, ISO 9001, Chamber of Commerce and Industry and Trademark Registration Certificate are included in this section.\" \/>\n<meta name=\"robots\" content=\"index, follow, max-snippet:-1, max-image-preview:large, max-video-preview:-1\" \/>\n<link rel=\"canonical\" href=\"https:\/\/ekmaymakina.com.tr\/en\/our-documents-and-certificates\/\" \/>\n<meta property=\"og:locale\" content=\"en_US\" \/>\n<meta property=\"og:type\" content=\"article\" \/>\n<meta property=\"og:title\" content=\"Our Documents and Certificates - Ekmay Makina\" \/>\n<meta property=\"og:description\" content=\"Ekmay Machinery; K2 Certificate, Industry Registration Certificate, ISO 9001, Chamber of Commerce and Industry and Trademark Registration Certificate are included in this section.\" \/>\n<meta property=\"og:url\" content=\"https:\/\/ekmaymakina.com.tr\/en\/our-documents-and-certificates\/\" \/>\n<meta property=\"og:site_name\" content=\"Ekmay Makina\" \/>\n<meta property=\"article:modified_time\" content=\"2022-06-29T08:34:39+00:00\" \/>\n<meta property=\"og:image\" content=\"https:\/\/ekmaymakina.com.tr\/wp-content\/uploads\/2022\/03\/K2-BELGESI-scaled.jpg\" \/>\n<meta name=\"twitter:card\" content=\"summary_large_image\" \/>\n<meta name=\"twitter:label1\" content=\"Est. reading time\" \/>\n\t<meta name=\"twitter:data1\" content=\"2 minutes\" \/>\n<script type=\"application\/ld+json\" class=\"yoast-schema-graph\">{\"@context\":\"https:\/\/schema.org\",\"@graph\":[{\"@type\":\"WebPage\",\"@id\":\"https:\/\/ekmaymakina.com.tr\/en\/our-documents-and-certificates\/\",\"url\":\"https:\/\/ekmaymakina.com.tr\/en\/our-documents-and-certificates\/\",\"name\":\"Our Documents and Certificates - Ekmay Makina\",\"isPartOf\":{\"@id\":\"https:\/\/ekmaymakina.com.tr\/en\/#website\"},\"primaryImageOfPage\":{\"@id\":\"https:\/\/ekmaymakina.com.tr\/en\/our-documents-and-certificates\/#primaryimage\"},\"image\":{\"@id\":\"https:\/\/ekmaymakina.com.tr\/en\/our-documents-and-certificates\/#primaryimage\"},\"thumbnailUrl\":\"https:\/\/ekmaymakina.com.tr\/wp-content\/uploads\/2022\/03\/K2-BELGESI-scaled.jpg\",\"datePublished\":\"2022-03-15T08:19:55+00:00\",\"dateModified\":\"2022-06-29T08:34:39+00:00\",\"description\":\"Ekmay Machinery; K2 Certificate, Industry Registration Certificate, ISO 9001, Chamber of Commerce and Industry and Trademark Registration Certificate are included in this section.\",\"breadcrumb\":{\"@id\":\"https:\/\/ekmaymakina.com.tr\/en\/our-documents-and-certificates\/#breadcrumb\"},\"inLanguage\":\"en-US\",\"potentialAction\":[{\"@type\":\"ReadAction\",\"target\":[\"https:\/\/ekmaymakina.com.tr\/en\/our-documents-and-certificates\/\"]}]},{\"@type\":\"ImageObject\",\"inLanguage\":\"en-US\",\"@id\":\"https:\/\/ekmaymakina.com.tr\/en\/our-documents-and-certificates\/#primaryimage\",\"url\":\"https:\/\/ekmaymakina.com.tr\/wp-content\/uploads\/2022\/03\/K2-BELGESI-scaled.jpg\",\"contentUrl\":\"https:\/\/ekmaymakina.com.tr\/wp-content\/uploads\/2022\/03\/K2-BELGESI-scaled.jpg\"},{\"@type\":\"BreadcrumbList\",\"@id\":\"https:\/\/ekmaymakina.com.tr\/en\/our-documents-and-certificates\/#breadcrumb\",\"itemListElement\":[{\"@type\":\"ListItem\",\"position\":1,\"name\":\"Anasayfa\",\"item\":\"https:\/\/ekmaymakina.com.tr\/en\/\"},{\"@type\":\"ListItem\",\"position\":2,\"name\":\"Our Documents and Certificates\"}]},{\"@type\":\"WebSite\",\"@id\":\"https:\/\/ekmaymakina.com.tr\/en\/#website\",\"url\":\"https:\/\/ekmaymakina.com.tr\/en\/\",\"name\":\"Ekmay Makina\",\"description\":\"M\u00fchendislik ve Yedek Par\u00e7a \u00dcretimi\",\"potentialAction\":[{\"@type\":\"SearchAction\",\"target\":{\"@type\":\"EntryPoint\",\"urlTemplate\":\"https:\/\/ekmaymakina.com.tr\/en\/?s={search_term_string}\"},\"query-input\":{\"@type\":\"PropertyValueSpecification\",\"valueRequired\":true,\"valueName\":\"search_term_string\"}}],\"inLanguage\":\"en-US\"}]}<\/script>\n<!-- \/ Yoast SEO plugin. -->","yoast_head_json":{"title":"Our Documents and Certificates - Ekmay Makina","description":"Ekmay Machinery; K2 Certificate, Industry Registration Certificate, ISO 9001, Chamber of Commerce and Industry and Trademark Registration Certificate are included in this section.","robots":{"index":"index","follow":"follow","max-snippet":"max-snippet:-1","max-image-preview":"max-image-preview:large","max-video-preview":"max-video-preview:-1"},"canonical":"https:\/\/ekmaymakina.com.tr\/en\/our-documents-and-certificates\/","og_locale":"en_US","og_type":"article","og_title":"Our Documents and Certificates - Ekmay Makina","og_description":"Ekmay Machinery; K2 Certificate, Industry Registration Certificate, ISO 9001, Chamber of Commerce and Industry and Trademark Registration Certificate are included in this section.","og_url":"https:\/\/ekmaymakina.com.tr\/en\/our-documents-and-certificates\/","og_site_name":"Ekmay Makina","article_modified_time":"2022-06-29T08:34:39+00:00","og_image":[{"url":"https:\/\/ekmaymakina.com.tr\/wp-content\/uploads\/2022\/03\/K2-BELGESI-scaled.jpg","type":"","width":"","height":""}],"twitter_card":"summary_large_image","twitter_misc":{"Est. reading time":"2 minutes"},"schema":{"@context":"https:\/\/schema.org","@graph":[{"@type":"WebPage","@id":"https:\/\/ekmaymakina.com.tr\/en\/our-documents-and-certificates\/","url":"https:\/\/ekmaymakina.com.tr\/en\/our-documents-and-certificates\/","name":"Our Documents and Certificates - Ekmay Makina","isPartOf":{"@id":"https:\/\/ekmaymakina.com.tr\/en\/#website"},"primaryImageOfPage":{"@id":"https:\/\/ekmaymakina.com.tr\/en\/our-documents-and-certificates\/#primaryimage"},"image":{"@id":"https:\/\/ekmaymakina.com.tr\/en\/our-documents-and-certificates\/#primaryimage"},"thumbnailUrl":"https:\/\/ekmaymakina.com.tr\/wp-content\/uploads\/2022\/03\/K2-BELGESI-scaled.jpg","datePublished":"2022-03-15T08:19:55+00:00","dateModified":"2022-06-29T08:34:39+00:00","description":"Ekmay Machinery; K2 Certificate, Industry Registration Certificate, ISO 9001, Chamber of Commerce and Industry and Trademark Registration Certificate are included in this section.","breadcrumb":{"@id":"https:\/\/ekmaymakina.com.tr\/en\/our-documents-and-certificates\/#breadcrumb"},"inLanguage":"en-US","potentialAction":[{"@type":"ReadAction","target":["https:\/\/ekmaymakina.com.tr\/en\/our-documents-and-certificates\/"]}]},{"@type":"ImageObject","inLanguage":"en-US","@id":"https:\/\/ekmaymakina.com.tr\/en\/our-documents-and-certificates\/#primaryimage","url":"https:\/\/ekmaymakina.com.tr\/wp-content\/uploads\/2022\/03\/K2-BELGESI-scaled.jpg","contentUrl":"https:\/\/ekmaymakina.com.tr\/wp-content\/uploads\/2022\/03\/K2-BELGESI-scaled.jpg"},{"@type":"BreadcrumbList","@id":"https:\/\/ekmaymakina.com.tr\/en\/our-documents-and-certificates\/#breadcrumb","itemListElement":[{"@type":"ListItem","position":1,"name":"Anasayfa","item":"https:\/\/ekmaymakina.com.tr\/en\/"},{"@type":"ListItem","position":2,"name":"Our Documents and Certificates"}]},{"@type":"WebSite","@id":"https:\/\/ekmaymakina.com.tr\/en\/#website","url":"https:\/\/ekmaymakina.com.tr\/en\/","name":"Ekmay Makina","description":"M\u00fchendislik ve Yedek Par\u00e7a \u00dcretimi","potentialAction":[{"@type":"SearchAction","target":{"@type":"EntryPoint","urlTemplate":"https:\/\/ekmaymakina.com.tr\/en\/?s={search_term_string}"},"query-input":{"@type":"PropertyValueSpecification","valueRequired":true,"valueName":"search_term_string"}}],"inLanguage":"en-US"}]}},"_links":{"self":[{"href":"https:\/\/ekmaymakina.com.tr\/en\/wp-json\/wp\/v2\/pages\/10649","targetHints":{"allow":["GET"]}}],"collection":[{"href":"https:\/\/ekmaymakina.com.tr\/en\/wp-json\/wp\/v2\/pages"}],"about":[{"href":"https:\/\/ekmaymakina.com.tr\/en\/wp-json\/wp\/v2\/types\/page"}],"author":[{"embeddable":true,"href":"https:\/\/ekmaymakina.com.tr\/en\/wp-json\/wp\/v2\/users\/1"}],"replies":[{"embeddable":true,"href":"https:\/\/ekmaymakina.com.tr\/en\/wp-json\/wp\/v2\/comments?post=10649"}],"version-history":[{"count":6,"href":"https:\/\/ekmaymakina.com.tr\/en\/wp-json\/wp\/v2\/pages\/10649\/revisions"}],"predecessor-version":[{"id":11136,"href":"https:\/\/ekmaymakina.com.tr\/en\/wp-json\/wp\/v2\/pages\/10649\/revisions\/11136"}],"wp:attachment":[{"href":"https:\/\/ekmaymakina.com.tr\/en\/wp-json\/wp\/v2\/media?parent=10649"}],"curies":[{"name":"wp","href":"https:\/\/api.w.org\/{rel}","templated":true}]}}